{"id":282,"date":"2025-11-04T22:23:35","date_gmt":"2025-11-04T22:23:35","guid":{"rendered":"https:\/\/prominentroots.com\/?page_id=282"},"modified":"2026-04-18T03:17:31","modified_gmt":"2026-04-18T03:17:31","slug":"infraestructura-offshore-ndp-os","status":"publish","type":"page","link":"https:\/\/prominentroots.com\/index.php\/infraestructura-offshore-ndp-os\/","title":{"rendered":"Infraestructura Offshore"},"content":{"rendered":"\t\t<div data-elementor-type=\"wp-page\" data-elementor-id=\"282\" class=\"elementor elementor-282\">\n\t\t\t\t<div class=\"elementor-element elementor-element-ab18b1d e-flex e-con-boxed e-con e-parent\" data-id=\"ab18b1d\" data-element_type=\"container\" data-e-type=\"container\">\n\t\t\t\t\t<div class=\"e-con-inner\">\n\t\t<div class=\"elementor-element elementor-element-b89f5b1 e-con-full e-flex e-con e-child\" data-id=\"b89f5b1\" data-element_type=\"container\" data-e-type=\"container\">\n\t\t\t\t<div class=\"elementor-element elementor-element-b220b79 elementor-widget elementor-widget-image\" data-id=\"b220b79\" data-element_type=\"widget\" data-e-type=\"widget\" data-widget_type=\"image.default\">\n\t\t\t\t\t\t\t\t\t\t\t\t\t\t\t<img data-opt-id=100579359  fetchpriority=\"high\" decoding=\"async\" width=\"898\" height=\"307\" src=\"https:\/\/mlogerfcbdv7.i.optimole.com\/w:auto\/h:auto\/q:mauto\/f:best\/https:\/\/prominentroots.com\/wp-content\/uploads\/2026\/04\/Infraestructura-Offshore-en-oro.png\" class=\"attachment-large size-large wp-image-1120\" alt=\"\" srcset=\"https:\/\/mlogerfcbdv7.i.optimole.com\/w:auto\/h:auto\/q:mauto\/f:best\/https:\/\/prominentroots.com\/wp-content\/uploads\/2026\/04\/Infraestructura-Offshore-en-oro.png 898w, https:\/\/mlogerfcbdv7.i.optimole.com\/w:300\/h:103\/q:mauto\/f:best\/https:\/\/prominentroots.com\/wp-content\/uploads\/2026\/04\/Infraestructura-Offshore-en-oro.png 300w, https:\/\/mlogerfcbdv7.i.optimole.com\/w:768\/h:263\/q:mauto\/f:best\/https:\/\/prominentroots.com\/wp-content\/uploads\/2026\/04\/Infraestructura-Offshore-en-oro.png 768w\" sizes=\"(max-width: 898px) 100vw, 898px\" \/>\t\t\t\t\t\t\t\t\t\t\t\t\t\t\t<\/div>\n\t\t\t\t<\/div>\n\t\t\t\t\t<\/div>\n\t\t\t\t<\/div>\n\t\t<div class=\"elementor-element elementor-element-0e91e2e e-flex e-con-boxed e-con e-parent\" data-id=\"0e91e2e\" data-element_type=\"container\" data-e-type=\"container\">\n\t\t\t\t\t<div class=\"e-con-inner\">\n\t\t\t\t<div class=\"elementor-element elementor-element-805fb95 elementor-widget elementor-widget-heading\" data-id=\"805fb95\" data-element_type=\"widget\" data-e-type=\"widget\" data-widget_type=\"heading.default\">\n\t\t\t\t\t<h2 class=\"elementor-heading-title elementor-size-default\">Infraestructura internacional para operar capital con control<\/h2>\t\t\t\t<\/div>\n\t\t\t\t\t\t\t\t<p class=\"e-paragraph-base\" data-interaction-id=\"24f6a4f\"  >\n\t\t\t\t\t\t\t\tLa arquitectura offshore no es evasi\u00f3n.<br><br>Es dise\u00f1o estructural.<br><br>Permite operar, proteger y coordinar capital en m\u00faltiples jurisdicciones bajo una l\u00f3gica institucional.\n\t\t\t\t\t<\/p>\n\t\t\t\t\t<\/div>\n\t\t\t\t<\/div>\n\t\t<div class=\"elementor-element elementor-element-45a76c5 e-flex e-con-boxed e-con e-parent\" data-id=\"45a76c5\" data-element_type=\"container\" data-e-type=\"container\">\n\t\t\t\t\t<div class=\"e-con-inner\">\n\t\t\t\t<div class=\"elementor-element elementor-element-e6d1bdf elementor-widget elementor-widget-heading\" data-id=\"e6d1bdf\" data-element_type=\"widget\" data-e-type=\"widget\" data-widget_type=\"heading.default\">\n\t\t\t\t\t<h2 class=\"elementor-heading-title elementor-size-default\">Qu\u00e9 es y qu\u00e9 no es<\/h2>\t\t\t\t<\/div>\n\t\t\t\t\t\t\t\t<p class=\"e-819ada5-fbfae46 e-paragraph-base\" data-interaction-id=\"819ada5\"  >\n\t\t\t\t\t\t\t\tNo es ocultamiento.<br><br>No es improvisaci\u00f3n.<br><br>No es un mecanismo aislado.<br><br>Es una infraestructura jur\u00eddica y financiera dise\u00f1ada para dar orden, eficiencia y gobernanza al capital en entornos globales.\n\t\t\t\t\t<\/p>\n\t\t\t\t\t<\/div>\n\t\t\t\t<\/div>\n\t\t<div class=\"elementor-element elementor-element-b4f85aa e-flex e-con-boxed e-con e-parent\" data-id=\"b4f85aa\" data-element_type=\"container\" data-e-type=\"container\">\n\t\t\t\t\t<div class=\"e-con-inner\">\n\t\t<div class=\"elementor-element elementor-element-182f8ef e-con-full e-flex e-con e-child\" data-id=\"182f8ef\" data-element_type=\"container\" data-e-type=\"container\">\n\t\t\t\t<div class=\"elementor-element elementor-element-7b8deba elementor-widget elementor-widget-heading\" data-id=\"7b8deba\" data-element_type=\"widget\" data-e-type=\"widget\" data-widget_type=\"heading.default\">\n\t\t\t\t\t<h2 class=\"elementor-heading-title elementor-size-default\">Arquitectura institucional del capital<\/h2>\t\t\t\t<\/div>\n\t\t\t\t\t\t\t\t<p class=\"e-paragraph-base\" data-interaction-id=\"53f045a\"  >\n\t\t\t\t\t\t\t\tLa infraestructura offshore permite estructurar el patrimonio a trav\u00e9s de jurisdicciones especializadas, veh\u00edculos legales y cuentas bancarias dise\u00f1adas para operar con eficiencia.<br><br>Desde aqu\u00ed se integran:<br><br>\u2022 Veh\u00edculos corporativos internacionales.<br>\u2022 Estructuras de holding.<br>\u2022 Cuentas bancarias de alta capacidad.<br>\u2022 Mecanismos de cumplimiento y trazabilidad.<br><br>Todo bajo una l\u00f3gica coordinada, no fragmentada.\n\t\t\t\t\t<\/p>\n\t\t\t\t<\/div>\n\t\t<div class=\"elementor-element elementor-element-55d83fe e-con-full e-flex e-con e-child\" data-id=\"55d83fe\" data-element_type=\"container\" data-e-type=\"container\">\n\t\t\t\t<div class=\"elementor-element elementor-element-a6e7196 e-transform e-transform elementor-widget elementor-widget-image\" data-id=\"a6e7196\" data-element_type=\"widget\" data-e-type=\"widget\" data-settings=\"{&quot;_transform_scale_effect_hover&quot;:{&quot;unit&quot;:&quot;px&quot;,&quot;size&quot;:2,&quot;sizes&quot;:[]},&quot;_transform_scale_effect&quot;:{&quot;unit&quot;:&quot;px&quot;,&quot;size&quot;:&quot;&quot;,&quot;sizes&quot;:[]},&quot;_transform_scale_effect_tablet&quot;:{&quot;unit&quot;:&quot;px&quot;,&quot;size&quot;:&quot;&quot;,&quot;sizes&quot;:[]},&quot;_transform_scale_effect_mobile&quot;:{&quot;unit&quot;:&quot;px&quot;,&quot;size&quot;:&quot;&quot;,&quot;sizes&quot;:[]},&quot;_transform_scale_effect_hover_tablet&quot;:{&quot;unit&quot;:&quot;px&quot;,&quot;size&quot;:&quot;&quot;,&quot;sizes&quot;:[]},&quot;_transform_scale_effect_hover_mobile&quot;:{&quot;unit&quot;:&quot;px&quot;,&quot;size&quot;:&quot;&quot;,&quot;sizes&quot;:[]}}\" data-widget_type=\"image.default\">\n\t\t\t\t\t\t\t\t\t\t\t\t\t\t\t<img data-opt-id=484265468  fetchpriority=\"high\" decoding=\"async\" width=\"753\" height=\"409\" src=\"https:\/\/mlogerfcbdv7.i.optimole.com\/w:auto\/h:auto\/q:mauto\/f:best\/https:\/\/prominentroots.com\/wp-content\/uploads\/2026\/04\/arq-off-xx.png\" class=\"attachment-large size-large wp-image-1128\" alt=\"\" srcset=\"https:\/\/mlogerfcbdv7.i.optimole.com\/w:auto\/h:auto\/q:mauto\/f:best\/https:\/\/prominentroots.com\/wp-content\/uploads\/2026\/04\/arq-off-xx.png 753w, https:\/\/mlogerfcbdv7.i.optimole.com\/w:300\/h:163\/q:mauto\/f:best\/https:\/\/prominentroots.com\/wp-content\/uploads\/2026\/04\/arq-off-xx.png 300w\" sizes=\"(max-width: 753px) 100vw, 753px\" \/>\t\t\t\t\t\t\t\t\t\t\t\t\t\t\t<\/div>\n\t\t\t\t<\/div>\n\t\t\t\t\t<\/div>\n\t\t\t\t<\/div>\n\t\t<div class=\"elementor-element elementor-element-84635d3 e-flex e-con-boxed e-con e-parent\" data-id=\"84635d3\" data-element_type=\"container\" data-e-type=\"container\">\n\t\t\t\t\t<div class=\"e-con-inner\">\n\t\t\t\t<div class=\"elementor-element elementor-element-98d30dc elementor-widget elementor-widget-heading\" data-id=\"98d30dc\" data-element_type=\"widget\" data-e-type=\"widget\" data-widget_type=\"heading.default\">\n\t\t\t\t\t<h2 class=\"elementor-heading-title elementor-size-default\">Qu\u00e9 permite esta infraestructura<\/h2>\t\t\t\t<\/div>\n\t\t\t\t\t\t\t\t<p class=\"e-paragraph-base\" data-interaction-id=\"133a965\"  >\n\t\t\t\t\t\t\t\t\u2022 Protecci\u00f3n patrimonial estructural.<br>\u2022 Eficiencia fiscal dentro del marco legal.<br>\u2022 Operaci\u00f3n internacional del capital.<br>\u2022 Integraci\u00f3n con sistemas financieros globales.<br>\u2022 Ejecuci\u00f3n coordinada de decisiones patrimoniales.<br>\u2022 Reducci\u00f3n de fricci\u00f3n operativa entre jurisdicciones.\n\t\t\t\t\t<\/p>\n\t\t\t\t\t<\/div>\n\t\t\t\t<\/div>\n\t\t<div class=\"elementor-element elementor-element-be1d46c e-flex e-con-boxed e-con e-parent\" data-id=\"be1d46c\" data-element_type=\"container\" data-e-type=\"container\">\n\t\t\t\t\t<div class=\"e-con-inner\">\n\t\t\t\t<div class=\"elementor-element elementor-element-136b427 elementor-widget elementor-widget-heading\" data-id=\"136b427\" data-element_type=\"widget\" data-e-type=\"widget\" data-widget_type=\"heading.default\">\n\t\t\t\t\t<h2 class=\"elementor-heading-title elementor-size-default\">Estructura de la infraestructura offshore<\/h2>\t\t\t\t<\/div>\n\t\t\t\t\t\t\t\t<p class=\"e-paragraph-base\" data-interaction-id=\"5f23c00\"  >\n\t\t\t\t\t\t\t\tUna visi\u00f3n de c\u00f3mo se integran jurisdicciones, veh\u00edculos y operaci\u00f3n financiera en un sistema coherente.\n\t\t\t\t\t<\/p>\n\t\t\t\t\t<\/div>\n\t\t\t\t<\/div>\n\t\t<div class=\"elementor-element elementor-element-7c8c177 e-flex e-con-boxed e-con e-parent\" data-id=\"7c8c177\" data-element_type=\"container\" data-e-type=\"container\">\n\t\t\t\t\t<div class=\"e-con-inner\">\n\t\t\t\t<div class=\"elementor-element elementor-element-9e7fe26 e-transform e-transform elementor-widget elementor-widget-image\" data-id=\"9e7fe26\" data-element_type=\"widget\" data-e-type=\"widget\" data-settings=\"{&quot;_transform_scale_effect&quot;:{&quot;unit&quot;:&quot;px&quot;,&quot;size&quot;:1,&quot;sizes&quot;:[]},&quot;_transform_scale_effect_hover&quot;:{&quot;unit&quot;:&quot;px&quot;,&quot;size&quot;:1.2,&quot;sizes&quot;:[]},&quot;_transform_scale_effect_tablet&quot;:{&quot;unit&quot;:&quot;px&quot;,&quot;size&quot;:&quot;&quot;,&quot;sizes&quot;:[]},&quot;_transform_scale_effect_mobile&quot;:{&quot;unit&quot;:&quot;px&quot;,&quot;size&quot;:&quot;&quot;,&quot;sizes&quot;:[]},&quot;_transform_scale_effect_hover_tablet&quot;:{&quot;unit&quot;:&quot;px&quot;,&quot;size&quot;:&quot;&quot;,&quot;sizes&quot;:[]},&quot;_transform_scale_effect_hover_mobile&quot;:{&quot;unit&quot;:&quot;px&quot;,&quot;size&quot;:&quot;&quot;,&quot;sizes&quot;:[]}}\" data-widget_type=\"image.default\">\n\t\t\t\t\t\t\t\t\t\t\t\t\t\t\t<img data-opt-id=1820047213  data-opt-src=\"https:\/\/mlogerfcbdv7.i.optimole.com\/w:auto\/h:auto\/q:mauto\/f:best\/https:\/\/prominentroots.com\/wp-content\/uploads\/2026\/04\/red-offshore.png\"  decoding=\"async\" width=\"512\" height=\"512\" src=\"data:image/svg+xml,%3Csvg%20viewBox%3D%220%200%20100%%20100%%22%20width%3D%22100%%22%20height%3D%22100%%22%20xmlns%3D%22http%3A%2F%2Fwww.w3.org%2F2000%2Fsvg%22%3E%3Crect%20width%3D%22100%%22%20height%3D%22100%%22%20fill%3D%22transparent%22%2F%3E%3C%2Fsvg%3E\" class=\"attachment-2048x2048 size-2048x2048 wp-image-1132\" alt=\"\" old-srcset=\"https:\/\/mlogerfcbdv7.i.optimole.com\/w:auto\/h:auto\/q:mauto\/f:best\/https:\/\/prominentroots.com\/wp-content\/uploads\/2026\/04\/red-offshore.png 512w, https:\/\/mlogerfcbdv7.i.optimole.com\/w:300\/h:300\/q:mauto\/f:best\/https:\/\/prominentroots.com\/wp-content\/uploads\/2026\/04\/red-offshore.png 300w, https:\/\/mlogerfcbdv7.i.optimole.com\/w:150\/h:150\/q:mauto\/rt:fill\/g:ce\/f:best\/https:\/\/prominentroots.com\/wp-content\/uploads\/2026\/04\/red-offshore.png 150w\" \/>\t\t\t\t\t\t\t\t\t\t\t\t\t\t\t<\/div>\n\t\t\t\t\t<\/div>\n\t\t\t\t<\/div>\n\t\t<div class=\"elementor-element elementor-element-e0bdaea e-flex e-con-boxed e-con e-parent\" data-id=\"e0bdaea\" data-element_type=\"container\" data-e-type=\"container\">\n\t\t\t\t\t<div class=\"e-con-inner\">\n\t\t\t\t<div class=\"elementor-element elementor-element-88dd1cd elementor-widget elementor-widget-heading\" data-id=\"88dd1cd\" data-element_type=\"widget\" data-e-type=\"widget\" data-widget_type=\"heading.default\">\n\t\t\t\t\t<h2 class=\"elementor-heading-title elementor-size-default\">Documento de referencia<\/h2>\t\t\t\t<\/div>\n\t\t\t\t\t\t\t\t<p class=\"e-paragraph-base\" data-interaction-id=\"dcd29ba\"  >\n\t\t\t\t\t\t\t\tAcceda al documento t\u00e9cnico que describe la estructura, alcance y criterios de esta soluci\u00f3n.\n\t\t\t\t\t<\/p>\n\t\t\t\t<div class=\"elementor-element elementor-element-2408608 elementor-align-center elementor-widget elementor-widget-button\" data-id=\"2408608\" data-element_type=\"widget\" data-e-type=\"widget\" data-widget_type=\"button.default\">\n\t\t\t\t\t\t\t\t\t\t<a class=\"elementor-button elementor-button-link elementor-size-sm\" href=\"https:\/\/www.dropbox.com\/scl\/fi\/ou82eqd73d3acvkd2zdzx\/ONE-PAGER-SERVICIOS-OFFSHORE.pdf?rlkey=lsk7uzdegnmyevekwjlpe8akk&#038;st=7jn2z8zp&#038;dl=0\">\n\t\t\t\t\t\t<span class=\"elementor-button-content-wrapper\">\n\t\t\t\t\t\t\t\t\t<span class=\"elementor-button-text\">Explora el documento<\/span>\n\t\t\t\t\t<\/span>\n\t\t\t\t\t<\/a>\n\t\t\t\t\t\t\t\t<\/div>\n\t\t\t\t\t<\/div>\n\t\t\t\t<\/div>\n\t\t<div class=\"elementor-element elementor-element-9c7d48a e-flex e-con-boxed e-con e-parent\" data-id=\"9c7d48a\" data-element_type=\"container\" data-e-type=\"container\">\n\t\t\t\t\t<div class=\"e-con-inner\">\n\t\t\t\t<div class=\"elementor-element elementor-element-1b5bbc8 elementor-widget elementor-widget-heading\" data-id=\"1b5bbc8\" data-element_type=\"widget\" data-e-type=\"widget\" data-widget_type=\"heading.default\">\n\t\t\t\t\t<h2 class=\"elementor-heading-title elementor-size-default\">Marco institucional<\/h2>\t\t\t\t<\/div>\n\t\t\t\t\t\t\t\t<p class=\"e-paragraph-base\" data-interaction-id=\"cf44bc6\"  >\n\t\t\t\t\t\t\t\tTodas las estructuras se dise\u00f1an bajo cumplimiento legal, validaci\u00f3n de contrapartes y est\u00e1ndares internacionales.<br><br>No se implementan esquemas gen\u00e9ricos.<br><br>Cada arquitectura responde a un contexto espec\u00edfico.\n\t\t\t\t\t<\/p>\n\t\t\t\t\t<\/div>\n\t\t\t\t<\/div>\n\t\t<div class=\"elementor-element elementor-element-c1d080d e-flex e-con-boxed e-con e-parent\" data-id=\"c1d080d\" data-element_type=\"container\" data-e-type=\"container\" data-settings=\"{&quot;background_background&quot;:&quot;classic&quot;}\">\n\t\t\t\t\t<div class=\"e-con-inner\">\n\t\t\t\t<div class=\"elementor-element elementor-element-8d8bc25 elementor-widget elementor-widget-heading\" data-id=\"8d8bc25\" data-element_type=\"widget\" data-e-type=\"widget\" data-widget_type=\"heading.default\">\n\t\t\t\t\t<h2 class=\"elementor-heading-title elementor-size-default\">Acceso al ecosistema<\/h2>\t\t\t\t<\/div>\n\t\t\t\t<div class=\"elementor-element elementor-element-0d74258 elementor-widget elementor-widget-heading\" data-id=\"0d74258\" data-element_type=\"widget\" data-e-type=\"widget\" data-widget_type=\"heading.default\">\n\t\t\t\t\t<h2 class=\"elementor-heading-title elementor-size-default\">No todos necesitan esto. Pero algunos no pueden ignorarlo.<\/h2>\t\t\t\t<\/div>\n\t\t<div class=\"elementor-element elementor-element-3c81547 e-flex e-con-boxed e-con e-child\" data-id=\"3c81547\" data-element_type=\"container\" data-e-type=\"container\">\n\t\t\t\t\t<div class=\"e-con-inner\">\n\t\t\t\t<div class=\"elementor-element elementor-element-fa63ab5 elementor-widget elementor-widget-text-editor\" data-id=\"fa63ab5\" data-element_type=\"widget\" data-e-type=\"widget\" data-widget_type=\"text-editor.default\">\n\t\t\t\t\t\t\t\t\t<p style=\"text-align: center;\">El acceso a Prominent se realiza mediante un proceso estructurado de entendimiento, validaci\u00f3n y alineaci\u00f3n.<\/p><p>Si este modelo resuena contigo, el siguiente paso no es inmediato, pero s\u00ed claro.<\/p>\t\t\t\t\t\t\t\t<\/div>\n\t\t\t\t\t<\/div>\n\t\t\t\t<\/div>\n\t\t\t\t<div class=\"elementor-element elementor-element-9e150c4 elementor-widget-mobile__width-initial elementor-widget elementor-widget-button\" data-id=\"9e150c4\" data-element_type=\"widget\" data-e-type=\"widget\" data-widget_type=\"button.default\">\n\t\t\t\t\t\t\t\t\t\t<a class=\"elementor-button elementor-button-link elementor-size-sm\" href=\"https:\/\/prominentroots.com\/index.php\/contacto\/\">\n\t\t\t\t\t\t<span class=\"elementor-button-content-wrapper\">\n\t\t\t\t\t\t\t\t\t<span class=\"elementor-button-text\">Solicitar acceso<\/span>\n\t\t\t\t\t<\/span>\n\t\t\t\t\t<\/a>\n\t\t\t\t\t\t\t\t<\/div>\n\t\t\t\t<div class=\"elementor-element elementor-element-90eb7a1 elementor-widget elementor-widget-text-editor\" data-id=\"90eb7a1\" data-element_type=\"widget\" data-e-type=\"widget\" data-widget_type=\"text-editor.default\">\n\t\t\t\t\t\t\t\t\t<p style=\"text-align: center;\">El proceso inicia con una conversaci\u00f3n.<\/p>\t\t\t\t\t\t\t\t<\/div>\n\t\t\t\t\t<\/div>\n\t\t\t\t<\/div>\n\t\t\t\t<\/div>\n\t\t","protected":false},"excerpt":{"rendered":"<p>Infraestructura internacional para operar capital con control La arquitectura offshore no es evasi\u00f3n. Es dise\u00f1o estructural. Permite operar, proteger y coordinar capital en m\u00faltiples jurisdicciones bajo una l\u00f3gica institucional. Qu\u00e9 es y qu\u00e9 no es No es ocultamiento. No es improvisaci\u00f3n. No es un mecanismo aislado. Es una infraestructura jur\u00eddica y financiera dise\u00f1ada para dar&hellip;&nbsp;<\/p>\n","protected":false},"author":1,"featured_media":0,"parent":0,"menu_order":0,"comment_status":"closed","ping_status":"closed","template":"","meta":{"neve_meta_sidebar":"","neve_meta_container":"","neve_meta_enable_content_width":"off","neve_meta_content_width":100,"neve_meta_title_alignment":"","neve_meta_author_avatar":"","neve_post_elements_order":"","neve_meta_disable_header":"","neve_meta_disable_footer":"","neve_meta_disable_title":"","footnotes":""},"class_list":["post-282","page","type-page","status-publish","hentry"],"_links":{"self":[{"href":"https:\/\/prominentroots.com\/index.php\/wp-json\/wp\/v2\/pages\/282","targetHints":{"allow":["GET"]}}],"collection":[{"href":"https:\/\/prominentroots.com\/index.php\/wp-json\/wp\/v2\/pages"}],"about":[{"href":"https:\/\/prominentroots.com\/index.php\/wp-json\/wp\/v2\/types\/page"}],"author":[{"embeddable":true,"href":"https:\/\/prominentroots.com\/index.php\/wp-json\/wp\/v2\/users\/1"}],"replies":[{"embeddable":true,"href":"https:\/\/prominentroots.com\/index.php\/wp-json\/wp\/v2\/comments?post=282"}],"version-history":[{"count":72,"href":"https:\/\/prominentroots.com\/index.php\/wp-json\/wp\/v2\/pages\/282\/revisions"}],"predecessor-version":[{"id":1781,"href":"https:\/\/prominentroots.com\/index.php\/wp-json\/wp\/v2\/pages\/282\/revisions\/1781"}],"wp:attachment":[{"href":"https:\/\/prominentroots.com\/index.php\/wp-json\/wp\/v2\/media?parent=282"}],"curies":[{"name":"wp","href":"https:\/\/api.w.org\/{rel}","templated":true}]}}