{"id":285,"date":"2025-11-04T22:25:22","date_gmt":"2025-11-04T22:25:22","guid":{"rendered":"https:\/\/prominentroots.com\/?page_id=285"},"modified":"2026-04-18T03:19:01","modified_gmt":"2026-04-18T03:19:01","slug":"prominent-token","status":"publish","type":"page","link":"https:\/\/prominentroots.com\/index.php\/prominent-token\/","title":{"rendered":"Tokenizaci\u00f3n"},"content":{"rendered":"\t\t<div data-elementor-type=\"wp-page\" data-elementor-id=\"285\" class=\"elementor elementor-285\">\n\t\t\t\t<div class=\"elementor-element elementor-element-f130f64 e-flex e-con-boxed e-con e-parent\" data-id=\"f130f64\" data-element_type=\"container\" data-e-type=\"container\">\n\t\t\t\t\t<div class=\"e-con-inner\">\n\t\t\t\t<div class=\"elementor-element elementor-element-ee14691 elementor-widget elementor-widget-image\" data-id=\"ee14691\" data-element_type=\"widget\" data-e-type=\"widget\" data-widget_type=\"image.default\">\n\t\t\t\t\t\t\t\t\t\t\t\t\t\t\t<img data-opt-id=1450728847  fetchpriority=\"high\" decoding=\"async\" width=\"955\" height=\"181\" src=\"https:\/\/mlogerfcbdv7.i.optimole.com\/w:auto\/h:auto\/q:mauto\/f:best\/https:\/\/prominentroots.com\/wp-content\/uploads\/2026\/04\/Texto-en-oro_-Tokenizacion-1.png\" class=\"attachment-large size-large wp-image-1162\" alt=\"\" srcset=\"https:\/\/mlogerfcbdv7.i.optimole.com\/w:auto\/h:auto\/q:mauto\/f:best\/https:\/\/prominentroots.com\/wp-content\/uploads\/2026\/04\/Texto-en-oro_-Tokenizacion-1.png 955w, https:\/\/mlogerfcbdv7.i.optimole.com\/w:300\/h:57\/q:mauto\/f:best\/https:\/\/prominentroots.com\/wp-content\/uploads\/2026\/04\/Texto-en-oro_-Tokenizacion-1.png 300w, https:\/\/mlogerfcbdv7.i.optimole.com\/w:768\/h:146\/q:mauto\/f:best\/https:\/\/prominentroots.com\/wp-content\/uploads\/2026\/04\/Texto-en-oro_-Tokenizacion-1.png 768w\" sizes=\"(max-width: 955px) 100vw, 955px\" \/>\t\t\t\t\t\t\t\t\t\t\t\t\t\t\t<\/div>\n\t\t\t\t\t<\/div>\n\t\t\t\t<\/div>\n\t\t<div class=\"elementor-element elementor-element-51cf32a e-flex e-con-boxed e-con e-parent\" data-id=\"51cf32a\" data-element_type=\"container\" data-e-type=\"container\">\n\t\t\t\t\t<div class=\"e-con-inner\">\n\t\t\t\t<div class=\"elementor-element elementor-element-1859ae7 elementor-widget elementor-widget-heading\" data-id=\"1859ae7\" data-element_type=\"widget\" data-e-type=\"widget\" data-widget_type=\"heading.default\">\n\t\t\t\t\t<h2 class=\"elementor-heading-title elementor-size-default\">Convertimos activos reales en estructuras digitales con custodia, gobernanza y rutas claras de liquidez<\/h2>\t\t\t\t<\/div>\n\t\t\t\t\t<\/div>\n\t\t\t\t<\/div>\n\t\t<div class=\"elementor-element elementor-element-4b46c7f e-flex e-con-boxed e-con e-parent\" data-id=\"4b46c7f\" data-element_type=\"container\" data-e-type=\"container\">\n\t\t\t\t\t<div class=\"e-con-inner\">\n\t\t<div class=\"elementor-element elementor-element-1836ff7 e-con-full e-flex e-con e-child\" data-id=\"1836ff7\" data-element_type=\"container\" data-e-type=\"container\">\n\t\t\t\t\t\t\t\t<p class=\"e-paragraph-base\" data-interaction-id=\"3557c93\"  >\n\t\t\t\t\t\t\t\tLa tokenizaci\u00f3n no es una tendencia. Es una evoluci\u00f3n estructural del capital.<br><br>En Prominent, digitalizamos activos reales bajo una arquitectura que integra propiedad, custodia, cumplimiento y liquidez en un mismo sistema.<br><br>Cada token representa derechos claros, verificables y ejecutables sobre activos subyacentes, dentro de un entorno institucional dise\u00f1ado para operar con eficiencia global.\n\t\t\t\t\t<\/p>\n\t\t\t\t\t\t\t\t<p class=\"e-9fe553a-cc108ce e-paragraph-base\" data-interaction-id=\"9fe553a\"  >\n\t\t\t\t\t\t\t\t\u2022 Estructuraci\u00f3n: Veh\u00edculos legales y emisi\u00f3n de certificados digitales respaldados por activos reales.<br><br>\u2022 Seguridad: Registros inmutables, contratos inteligentes y control jur\u00eddico de la propiedad.<br><br>\u2022 Liquidez: Fraccionamiento del activo y acceso a mercados secundarios institucionales.<br><br>\u2022 Integraci\u00f3n: Custodia, monitoreo y gobierno a trav\u00e9s del ecosistema NDP\/OS.\n\t\t\t\t\t<\/p>\n\t\t\t\t<\/div>\n\t\t\t\t\t<\/div>\n\t\t\t\t<\/div>\n\t\t<div class=\"elementor-element elementor-element-b7e288e e-flex e-con-boxed e-con e-parent\" data-id=\"b7e288e\" data-element_type=\"container\" data-e-type=\"container\">\n\t\t\t\t\t<div class=\"e-con-inner\">\n\t\t\t\t<div class=\"elementor-element elementor-element-d897128 elementor-widget__width-initial e-transform elementor-widget elementor-widget-image\" data-id=\"d897128\" data-element_type=\"widget\" data-e-type=\"widget\" data-settings=\"{&quot;_transform_scale_effect_hover&quot;:{&quot;unit&quot;:&quot;px&quot;,&quot;size&quot;:1.2,&quot;sizes&quot;:[]},&quot;_transform_scale_effect_hover_tablet&quot;:{&quot;unit&quot;:&quot;px&quot;,&quot;size&quot;:&quot;&quot;,&quot;sizes&quot;:[]},&quot;_transform_scale_effect_hover_mobile&quot;:{&quot;unit&quot;:&quot;px&quot;,&quot;size&quot;:&quot;&quot;,&quot;sizes&quot;:[]}}\" data-widget_type=\"image.default\">\n\t\t\t\t\t\t\t\t\t\t\t\t\t\t\t<img data-opt-id=179137596  fetchpriority=\"high\" decoding=\"async\" width=\"467\" height=\"467\" src=\"https:\/\/mlogerfcbdv7.i.optimole.com\/w:auto\/h:auto\/q:mauto\/f:best\/https:\/\/prominentroots.com\/wp-content\/uploads\/2026\/03\/Token-Prominent-modified.webp\" class=\"attachment-2048x2048 size-2048x2048 wp-image-590\" alt=\"\" srcset=\"https:\/\/mlogerfcbdv7.i.optimole.com\/w:auto\/h:auto\/q:mauto\/f:best\/https:\/\/prominentroots.com\/wp-content\/uploads\/2026\/03\/Token-Prominent-modified.webp 467w, https:\/\/mlogerfcbdv7.i.optimole.com\/w:300\/h:300\/q:mauto\/f:best\/https:\/\/prominentroots.com\/wp-content\/uploads\/2026\/03\/Token-Prominent-modified.webp 300w, https:\/\/mlogerfcbdv7.i.optimole.com\/w:150\/h:150\/q:mauto\/rt:fill\/g:ce\/f:best\/https:\/\/prominentroots.com\/wp-content\/uploads\/2026\/03\/Token-Prominent-modified.webp 150w\" sizes=\"(max-width: 467px) 100vw, 467px\" \/>\t\t\t\t\t\t\t\t\t\t\t\t\t\t\t<\/div>\n\t\t\t\t<div class=\"elementor-element elementor-element-4cf6883 elementor-widget elementor-widget-image\" data-id=\"4cf6883\" data-element_type=\"widget\" data-e-type=\"widget\" data-widget_type=\"image.default\">\n\t\t\t\t\t\t\t\t\t\t\t\t\t\t\t<img data-opt-id=799803333  data-opt-src=\"https:\/\/mlogerfcbdv7.i.optimole.com\/w:auto\/h:auto\/q:mauto\/f:best\/https:\/\/prominentroots.com\/wp-content\/uploads\/2026\/04\/PROM-TOKEN.png\"  decoding=\"async\" width=\"1021\" height=\"325\" src=\"data:image/svg+xml,%3Csvg%20viewBox%3D%220%200%20100%%20100%%22%20width%3D%22100%%22%20height%3D%22100%%22%20xmlns%3D%22http%3A%2F%2Fwww.w3.org%2F2000%2Fsvg%22%3E%3Crect%20width%3D%22100%%22%20height%3D%22100%%22%20fill%3D%22transparent%22%2F%3E%3C%2Fsvg%3E\" class=\"attachment-large size-large wp-image-1163\" alt=\"\" old-srcset=\"https:\/\/mlogerfcbdv7.i.optimole.com\/w:auto\/h:auto\/q:mauto\/f:best\/https:\/\/prominentroots.com\/wp-content\/uploads\/2026\/04\/PROM-TOKEN.png 1021w, https:\/\/mlogerfcbdv7.i.optimole.com\/w:300\/h:95\/q:mauto\/f:best\/https:\/\/prominentroots.com\/wp-content\/uploads\/2026\/04\/PROM-TOKEN.png 300w, https:\/\/mlogerfcbdv7.i.optimole.com\/w:768\/h:244\/q:mauto\/f:best\/https:\/\/prominentroots.com\/wp-content\/uploads\/2026\/04\/PROM-TOKEN.png 768w\" \/>\t\t\t\t\t\t\t\t\t\t\t\t\t\t\t<\/div>\n\t\t\t\t\t<\/div>\n\t\t\t\t<\/div>\n\t\t<div class=\"elementor-element elementor-element-d1ee23d e-flex e-con-boxed e-con e-parent\" data-id=\"d1ee23d\" data-element_type=\"container\" data-e-type=\"container\">\n\t\t\t\t\t<div class=\"e-con-inner\">\n\t\t\t\t<div class=\"elementor-element elementor-element-f3f734b elementor-widget elementor-widget-text-editor\" data-id=\"f3f734b\" data-element_type=\"widget\" data-e-type=\"widget\" data-widget_type=\"text-editor.default\">\n\t\t\t\t\t\t\t\t\t<blockquote><p><strong>\u2022 Estructuraci\u00f3n: Veh\u00edculos legales y emisi\u00f3n de certificados digitales respaldados por activos reales.<\/strong><\/p><p><strong>\u2022 Seguridad: Registros inmutables, contratos inteligentes y control jur\u00eddico de la propiedad.<\/strong><\/p><p><strong>\u2022 Liquidez: Fraccionamiento del activo y acceso a mercados secundarios institucionales.<\/strong><\/p><p><strong>\u2022 Integraci\u00f3n: Custodia, monitoreo y gobierno a trav\u00e9s del ecosistema NDP\/OS.<\/strong><\/p><\/blockquote>\t\t\t\t\t\t\t\t<\/div>\n\t\t\t\t\t<\/div>\n\t\t\t\t<\/div>\n\t\t<div class=\"elementor-element elementor-element-94c7b07 e-flex e-con-boxed e-con e-parent\" data-id=\"94c7b07\" data-element_type=\"container\" data-e-type=\"container\">\n\t\t\t\t\t<div class=\"e-con-inner\">\n\t\t\t\t<div class=\"elementor-element elementor-element-c545662 e-transform elementor-widget elementor-widget-image\" data-id=\"c545662\" data-element_type=\"widget\" data-e-type=\"widget\" data-settings=\"{&quot;_transform_scale_effect_hover&quot;:{&quot;unit&quot;:&quot;px&quot;,&quot;size&quot;:1.1,&quot;sizes&quot;:[]},&quot;_transform_scale_effect_hover_tablet&quot;:{&quot;unit&quot;:&quot;px&quot;,&quot;size&quot;:&quot;&quot;,&quot;sizes&quot;:[]},&quot;_transform_scale_effect_hover_mobile&quot;:{&quot;unit&quot;:&quot;px&quot;,&quot;size&quot;:&quot;&quot;,&quot;sizes&quot;:[]}}\" data-widget_type=\"image.default\">\n\t\t\t\t\t\t\t\t\t\t\t\t\t\t\t<img data-opt-id=99881273  data-opt-src=\"https:\/\/mlogerfcbdv7.i.optimole.com\/w:1024\/h:543\/q:mauto\/f:best\/https:\/\/prominentroots.com\/wp-content\/uploads\/2026\/03\/tokenizacion.png\"  loading=\"lazy\" decoding=\"async\" width=\"1024\" height=\"543\" src=\"data:image/svg+xml,%3Csvg%20viewBox%3D%220%200%201024%20543%22%20width%3D%221024%22%20height%3D%22543%22%20xmlns%3D%22http%3A%2F%2Fwww.w3.org%2F2000%2Fsvg%22%3E%3Crect%20width%3D%221024%22%20height%3D%22543%22%20fill%3D%22transparent%22%2F%3E%3C%2Fsvg%3E\" class=\"attachment-large size-large wp-image-661\" alt=\"\" old-srcset=\"https:\/\/mlogerfcbdv7.i.optimole.com\/w:1024\/h:543\/q:mauto\/f:best\/https:\/\/prominentroots.com\/wp-content\/uploads\/2026\/03\/tokenizacion.png 1024w, https:\/\/mlogerfcbdv7.i.optimole.com\/w:300\/h:159\/q:mauto\/f:best\/https:\/\/prominentroots.com\/wp-content\/uploads\/2026\/03\/tokenizacion.png 300w, https:\/\/mlogerfcbdv7.i.optimole.com\/w:768\/h:407\/q:mauto\/f:best\/https:\/\/prominentroots.com\/wp-content\/uploads\/2026\/03\/tokenizacion.png 768w, https:\/\/mlogerfcbdv7.i.optimole.com\/w:auto\/h:auto\/q:mauto\/f:best\/https:\/\/prominentroots.com\/wp-content\/uploads\/2026\/03\/tokenizacion.png 1493w\" \/>\t\t\t\t\t\t\t\t\t\t\t\t\t\t\t<\/div>\n\t\t\t\t\t\t\t\t<p class=\"e-paragraph-base\" data-interaction-id=\"7293bb0\"  >\n\t\t\t\t\t\t\t\tModelo operativo:<br><br>\u2022 Emisi\u00f3n de certificados digitales respaldados por activos reales (LLC o estructuras equivalentes).<br>\u2022 Registro y validaci\u00f3n mediante contratos inteligentes.<br>\u2022 Integraci\u00f3n con mecanismos de liquidez (OTC \/ API \/ market makers).<br>\u2022 Control institucional del activo y su gobernanza.\n\t\t\t\t\t<\/p>\n\t\t\t\t\t<\/div>\n\t\t\t\t<\/div>\n\t\t<div class=\"elementor-element elementor-element-c8ebf77 e-flex e-con-boxed e-con e-parent\" data-id=\"c8ebf77\" data-element_type=\"container\" data-e-type=\"container\" data-settings=\"{&quot;background_background&quot;:&quot;classic&quot;}\">\n\t\t\t\t\t<div class=\"e-con-inner\">\n\t\t\t\t<div class=\"elementor-element elementor-element-f0ddc4b elementor-widget elementor-widget-heading\" data-id=\"f0ddc4b\" data-element_type=\"widget\" data-e-type=\"widget\" data-widget_type=\"heading.default\">\n\t\t\t\t\t<h2 class=\"elementor-heading-title elementor-size-default\">Acceso al ecosistema<\/h2>\t\t\t\t<\/div>\n\t\t\t\t<div class=\"elementor-element elementor-element-bf0d929 elementor-widget elementor-widget-heading\" data-id=\"bf0d929\" data-element_type=\"widget\" data-e-type=\"widget\" data-widget_type=\"heading.default\">\n\t\t\t\t\t<h2 class=\"elementor-heading-title elementor-size-default\">No todos necesitan esto. Pero algunos no pueden ignorarlo.<\/h2>\t\t\t\t<\/div>\n\t\t<div class=\"elementor-element elementor-element-3eb87ee e-flex e-con-boxed e-con e-child\" data-id=\"3eb87ee\" data-element_type=\"container\" data-e-type=\"container\">\n\t\t\t\t\t<div class=\"e-con-inner\">\n\t\t\t\t<div class=\"elementor-element elementor-element-5cb0193 elementor-widget elementor-widget-text-editor\" data-id=\"5cb0193\" data-element_type=\"widget\" data-e-type=\"widget\" data-widget_type=\"text-editor.default\">\n\t\t\t\t\t\t\t\t\t<p style=\"text-align: center;\">El acceso a Prominent se realiza mediante un proceso estructurado de entendimiento, validaci\u00f3n y alineaci\u00f3n.<\/p><p>Si este modelo resuena contigo, el siguiente paso no es inmediato, pero s\u00ed claro.<\/p>\t\t\t\t\t\t\t\t<\/div>\n\t\t\t\t\t<\/div>\n\t\t\t\t<\/div>\n\t\t\t\t<div class=\"elementor-element elementor-element-5d1d247 elementor-widget-mobile__width-initial elementor-widget elementor-widget-button\" data-id=\"5d1d247\" data-element_type=\"widget\" data-e-type=\"widget\" data-widget_type=\"button.default\">\n\t\t\t\t\t\t\t\t\t\t<a class=\"elementor-button elementor-button-link elementor-size-sm\" href=\"https:\/\/prominentroots.com\/index.php\/contacto\/\">\n\t\t\t\t\t\t<span class=\"elementor-button-content-wrapper\">\n\t\t\t\t\t\t\t\t\t<span class=\"elementor-button-text\">Solicitar acceso<\/span>\n\t\t\t\t\t<\/span>\n\t\t\t\t\t<\/a>\n\t\t\t\t\t\t\t\t<\/div>\n\t\t\t\t<div class=\"elementor-element elementor-element-f2875dd elementor-widget elementor-widget-text-editor\" data-id=\"f2875dd\" data-element_type=\"widget\" data-e-type=\"widget\" data-widget_type=\"text-editor.default\">\n\t\t\t\t\t\t\t\t\t<p style=\"text-align: center;\">El proceso inicia con una conversaci\u00f3n.<\/p>\t\t\t\t\t\t\t\t<\/div>\n\t\t\t\t\t<\/div>\n\t\t\t\t<\/div>\n\t\t\t\t<\/div>\n\t\t","protected":false},"excerpt":{"rendered":"<p>Convertimos activos reales en estructuras digitales con custodia, gobernanza y rutas claras de liquidez La tokenizaci\u00f3n no es una tendencia. Es una evoluci\u00f3n estructural del capital. En Prominent, digitalizamos activos reales bajo una arquitectura que integra propiedad, custodia, cumplimiento y liquidez en un mismo sistema. Cada token representa derechos claros, verificables y ejecutables sobre activos&hellip;&nbsp;<\/p>\n","protected":false},"author":1,"featured_media":0,"parent":0,"menu_order":0,"comment_status":"closed","ping_status":"closed","template":"page-templates\/template-pagebuilder-full-width.php","meta":{"neve_meta_sidebar":"","neve_meta_container":"","neve_meta_enable_content_width":"off","neve_meta_content_width":100,"neve_meta_title_alignment":"","neve_meta_author_avatar":"","neve_post_elements_order":"","neve_meta_disable_header":"","neve_meta_disable_footer":"","neve_meta_disable_title":"","footnotes":""},"class_list":["post-285","page","type-page","status-publish","hentry"],"_links":{"self":[{"href":"https:\/\/prominentroots.com\/index.php\/wp-json\/wp\/v2\/pages\/285","targetHints":{"allow":["GET"]}}],"collection":[{"href":"https:\/\/prominentroots.com\/index.php\/wp-json\/wp\/v2\/pages"}],"about":[{"href":"https:\/\/prominentroots.com\/index.php\/wp-json\/wp\/v2\/types\/page"}],"author":[{"embeddable":true,"href":"https:\/\/prominentroots.com\/index.php\/wp-json\/wp\/v2\/users\/1"}],"replies":[{"embeddable":true,"href":"https:\/\/prominentroots.com\/index.php\/wp-json\/wp\/v2\/comments?post=285"}],"version-history":[{"count":52,"href":"https:\/\/prominentroots.com\/index.php\/wp-json\/wp\/v2\/pages\/285\/revisions"}],"predecessor-version":[{"id":1784,"href":"https:\/\/prominentroots.com\/index.php\/wp-json\/wp\/v2\/pages\/285\/revisions\/1784"}],"wp:attachment":[{"href":"https:\/\/prominentroots.com\/index.php\/wp-json\/wp\/v2\/media?parent=285"}],"curies":[{"name":"wp","href":"https:\/\/api.w.org\/{rel}","templated":true}]}}