{"id":289,"date":"2025-11-04T22:53:17","date_gmt":"2025-11-04T22:53:17","guid":{"rendered":"https:\/\/prominentroots.com\/?page_id=289"},"modified":"2026-04-06T21:08:12","modified_gmt":"2026-04-06T21:08:12","slug":"financiamiento-creativo-via-sblcs","status":"publish","type":"page","link":"https:\/\/prominentroots.com\/index.php\/financiamiento-creativo-via-sblcs\/","title":{"rendered":"Capitalizaci\u00f3n v\u00eda SBLCs"},"content":{"rendered":"\t\t<div data-elementor-type=\"wp-page\" data-elementor-id=\"289\" class=\"elementor elementor-289\">\n\t\t\t\t<div class=\"elementor-element elementor-element-c89d394 e-flex e-con-boxed e-con e-parent\" data-id=\"c89d394\" data-element_type=\"container\" data-e-type=\"container\">\n\t\t\t\t\t<div class=\"e-con-inner\">\n\t\t\t\t<div class=\"elementor-element elementor-element-e7908b7 elementor-widget elementor-widget-image\" data-id=\"e7908b7\" data-element_type=\"widget\" data-e-type=\"widget\" data-widget_type=\"image.default\">\n\t\t\t\t\t\t\t\t\t\t\t\t\t\t\t<img data-opt-id=47243796  fetchpriority=\"high\" decoding=\"async\" width=\"884\" height=\"276\" src=\"https:\/\/mlogerfcbdv7.i.optimole.com\/w:884\/h:276\/q:mauto\/f:best\/https:\/\/prominentroots.com\/wp-content\/uploads\/2026\/04\/Cap-SBLC.png\" class=\"attachment-large size-large wp-image-1092\" alt=\"\" srcset=\"https:\/\/mlogerfcbdv7.i.optimole.com\/w:884\/h:276\/q:mauto\/f:best\/https:\/\/prominentroots.com\/wp-content\/uploads\/2026\/04\/Cap-SBLC.png 884w, https:\/\/mlogerfcbdv7.i.optimole.com\/w:300\/h:94\/q:mauto\/f:best\/https:\/\/prominentroots.com\/wp-content\/uploads\/2026\/04\/Cap-SBLC.png 300w, https:\/\/mlogerfcbdv7.i.optimole.com\/w:768\/h:240\/q:mauto\/f:best\/https:\/\/prominentroots.com\/wp-content\/uploads\/2026\/04\/Cap-SBLC.png 768w\" sizes=\"(max-width: 884px) 100vw, 884px\" \/>\t\t\t\t\t\t\t\t\t\t\t\t\t\t\t<\/div>\n\t\t\t\t\t<\/div>\n\t\t\t\t<\/div>\n\t\t<div class=\"elementor-element elementor-element-28a058e e-flex e-con-boxed e-con e-parent\" data-id=\"28a058e\" data-element_type=\"container\" data-e-type=\"container\">\n\t\t\t\t\t<div class=\"e-con-inner\">\n\t\t\t\t<div class=\"elementor-element elementor-element-2ef0d08 elementor-widget elementor-widget-heading\" data-id=\"2ef0d08\" data-element_type=\"widget\" data-e-type=\"widget\" data-widget_type=\"heading.default\">\n\t\t\t\t\t<h2 class=\"elementor-heading-title elementor-size-default\">Capitalizaci\u00f3n estructurada para proyectos <\/h2>\t\t\t\t<\/div>\n\t\t\t\t\t\t\t\t<p class=\"e-paragraph-base\" data-interaction-id=\"866389e\"  >\n\t\t\t\t\t\t\t\tLa emisi\u00f3n y monetizaci\u00f3n estrat\u00e9gica de Standby Letters of Credit (SBLC) permite estructurar capital para proyectos productivos con disciplina fiduciaria, control operativo y l\u00f3gica institucional.No se trata de fondeo improvisado.Se trata de una arquitectura financiera dise\u00f1ada para activar capacidad de ejecuci\u00f3n real.\n\t\t\t\t\t<\/p>\n\t\t\t\t\t<\/div>\n\t\t\t\t<\/div>\n\t\t<div class=\"elementor-element elementor-element-a8cc53c e-flex e-con-boxed e-con e-parent\" data-id=\"a8cc53c\" data-element_type=\"container\" data-e-type=\"container\">\n\t\t\t\t\t<div class=\"e-con-inner\">\n\t\t<div class=\"elementor-element elementor-element-4883d94 e-con-full e-flex e-con e-child\" data-id=\"4883d94\" data-element_type=\"container\" data-e-type=\"container\">\n\t\t\t\t<div class=\"elementor-element elementor-element-804056c elementor-widget elementor-widget-heading\" data-id=\"804056c\" data-element_type=\"widget\" data-e-type=\"widget\" data-widget_type=\"heading.default\">\n\t\t\t\t\t<h2 class=\"elementor-heading-title elementor-size-default\">Qu\u00e9 resuelve<\/h2>\t\t\t\t<\/div>\n\t\t\t\t\t\t\t\t<p class=\"e-paragraph-base\" data-interaction-id=\"4279e52\"  >\n\t\t\t\t\t\t\t\tEsta soluci\u00f3n est\u00e1 dise\u00f1ada para proyectos que requieren una estructura de capital sofisticada, verificable y compatible con contrapartes internacionales.<br><br>A trav\u00e9s de la SBLC, el capital puede ser apalancado bajo condiciones fiduciarias claras, permitiendo que la capacidad financiera del proyecto se vuelva operativa.<br><br>Es una herramienta para ejecutar con respaldo, no para especular sin estructura.\n\t\t\t\t\t<\/p>\n\t\t\t\t<\/div>\n\t\t<div class=\"elementor-element elementor-element-94903df e-con-full e-flex e-con e-child\" data-id=\"94903df\" data-element_type=\"container\" data-e-type=\"container\">\n\t\t\t\t<div class=\"elementor-element elementor-element-5ba96d1 e-transform elementor-widget elementor-widget-image\" data-id=\"5ba96d1\" data-element_type=\"widget\" data-e-type=\"widget\" data-settings=\"{&quot;_transform_scale_effect_hover&quot;:{&quot;unit&quot;:&quot;px&quot;,&quot;size&quot;:1.5,&quot;sizes&quot;:[]},&quot;_transform_scale_effect_hover_tablet&quot;:{&quot;unit&quot;:&quot;px&quot;,&quot;size&quot;:&quot;&quot;,&quot;sizes&quot;:[]},&quot;_transform_scale_effect_hover_mobile&quot;:{&quot;unit&quot;:&quot;px&quot;,&quot;size&quot;:&quot;&quot;,&quot;sizes&quot;:[]}}\" data-widget_type=\"image.default\">\n\t\t\t\t\t\t\t\t\t\t\t\t\t\t\t<img data-opt-id=82778866  fetchpriority=\"high\" decoding=\"async\" width=\"746\" height=\"407\" src=\"https:\/\/mlogerfcbdv7.i.optimole.com\/w:746\/h:407\/q:mauto\/f:best\/https:\/\/prominentroots.com\/wp-content\/uploads\/2026\/03\/SBLC.png\" class=\"attachment-large size-large wp-image-658\" alt=\"\" srcset=\"https:\/\/mlogerfcbdv7.i.optimole.com\/w:746\/h:407\/q:mauto\/f:best\/https:\/\/prominentroots.com\/wp-content\/uploads\/2026\/03\/SBLC.png 746w, https:\/\/mlogerfcbdv7.i.optimole.com\/w:300\/h:164\/q:mauto\/f:best\/https:\/\/prominentroots.com\/wp-content\/uploads\/2026\/03\/SBLC.png 300w\" sizes=\"(max-width: 746px) 100vw, 746px\" \/>\t\t\t\t\t\t\t\t\t\t\t\t\t\t\t<\/div>\n\t\t\t\t<\/div>\n\t\t\t\t\t<\/div>\n\t\t\t\t<\/div>\n\t\t<div class=\"elementor-element elementor-element-2b8ddd8 e-flex e-con-boxed e-con e-parent\" data-id=\"2b8ddd8\" data-element_type=\"container\" data-e-type=\"container\">\n\t\t\t\t\t<div class=\"e-con-inner\">\n\t\t\t\t<div class=\"elementor-element elementor-element-5a2a5d7 elementor-widget elementor-widget-heading\" data-id=\"5a2a5d7\" data-element_type=\"widget\" data-e-type=\"widget\" data-widget_type=\"heading.default\">\n\t\t\t\t\t<h2 class=\"elementor-heading-title elementor-size-default\">Qu\u00e9 permite esta arquitectura<\/h2>\t\t\t\t<\/div>\n\t\t\t\t\t\t\t\t<p class=\"e-paragraph-base\" data-interaction-id=\"0d36ed0\"  >\n\t\t\t\t\t\t\t\t\u2022 Activar capital sin descapitalizaci\u00f3n directa <br>\u2022 Generar liquidez para ejecuci\u00f3n de proyectos <br>\u2022 Operar con contrapartes y procesos verificables <br>\u2022 Estructurar una ruta financiera con respaldo documental <br>\u2022 Mantener control, seguridad y trazabilidad en la liberaci\u00f3n de fondos\n\t\t\t\t\t<\/p>\n\t\t\t\t\t<\/div>\n\t\t\t\t<\/div>\n\t\t<div class=\"elementor-element elementor-element-1ba81c0 e-flex e-con-boxed e-con e-parent\" data-id=\"1ba81c0\" data-element_type=\"container\" data-e-type=\"container\">\n\t\t\t\t\t<div class=\"e-con-inner\">\n\t\t\t\t<div class=\"elementor-element elementor-element-a74c358 elementor-widget elementor-widget-heading\" data-id=\"a74c358\" data-element_type=\"widget\" data-e-type=\"widget\" data-widget_type=\"heading.default\">\n\t\t\t\t\t<h2 class=\"elementor-heading-title elementor-size-default\">Par\u00e1metros de elegibilidad<\/h2>\t\t\t\t<\/div>\n\t\t\t\t\t\t\t\t<p class=\"e-paragraph-base\" data-interaction-id=\"c59cd12\"  >\n\t\t\t\t\t\t\t\tDirigido a proyectos productivos con necesidad real de estructuraci\u00f3n financiera.<br><br>\u2022 Elegibilidad m\u00ednima: PoF desde USD 1,000,000 <br>\u2022 Magnitud objetivo: emisiones desde escalas institucionales <br>\u2022 Seguridad: dep\u00f3sito fiduciario y confirmaci\u00f3n operativa previa <br>\u2022 Distribuci\u00f3n: utilidad neta bajo esquema acordado y validado por desempe\u00f1o\n\t\t\t\t\t<\/p>\n\t\t\t\t\t<\/div>\n\t\t\t\t<\/div>\n\t\t<div class=\"elementor-element elementor-element-672c71e e-flex e-con-boxed e-con e-parent\" data-id=\"672c71e\" data-element_type=\"container\" data-e-type=\"container\">\n\t\t\t\t\t<div class=\"e-con-inner\">\n\t\t\t\t<div class=\"elementor-element elementor-element-79abc3c elementor-widget elementor-widget-heading\" data-id=\"79abc3c\" data-element_type=\"widget\" data-e-type=\"widget\" data-widget_type=\"heading.default\">\n\t\t\t\t\t<h2 class=\"elementor-heading-title elementor-size-default\">Proceso de apalancamiento SBLC<\/h2>\t\t\t\t<\/div>\n\t\t\t\t<div class=\"elementor-element elementor-element-36c1d96 elementor-widget elementor-widget-image\" data-id=\"36c1d96\" data-element_type=\"widget\" data-e-type=\"widget\" data-widget_type=\"image.default\">\n\t\t\t\t\t\t\t\t\t\t\t\t\t\t\t<img data-opt-id=1219208320  data-opt-src=\"https:\/\/mlogerfcbdv7.i.optimole.com\/w:523\/h:282\/q:mauto\/f:best\/https:\/\/prominentroots.com\/wp-content\/uploads\/2026\/04\/flujo-SBLC.png\"  decoding=\"async\" width=\"523\" height=\"282\" src=\"data:image/svg+xml,%3Csvg%20viewBox%3D%220%200%20523%20282%22%20width%3D%22523%22%20height%3D%22282%22%20xmlns%3D%22http%3A%2F%2Fwww.w3.org%2F2000%2Fsvg%22%3E%3Crect%20width%3D%22523%22%20height%3D%22282%22%20fill%3D%22transparent%22%2F%3E%3C%2Fsvg%3E\" class=\"attachment-large size-large wp-image-1099\" alt=\"\" old-srcset=\"https:\/\/mlogerfcbdv7.i.optimole.com\/w:523\/h:282\/q:mauto\/f:best\/https:\/\/prominentroots.com\/wp-content\/uploads\/2026\/04\/flujo-SBLC.png 523w, https:\/\/mlogerfcbdv7.i.optimole.com\/w:300\/h:162\/q:mauto\/f:best\/https:\/\/prominentroots.com\/wp-content\/uploads\/2026\/04\/flujo-SBLC.png 300w\" \/>\t\t\t\t\t\t\t\t\t\t\t\t\t\t\t<\/div>\n\t\t\t\t\t\t\t\t<p class=\"e-paragraph-base\" data-interaction-id=\"43dbcc2\"  >\n\t\t\t\t\t\t\t\tUna visi\u00f3n clara del flujo estructural: colateral, emisi\u00f3n, monetizaci\u00f3n, ejecuci\u00f3n y retorno.\n\t\t\t\t\t<\/p>\n\t\t\t\t\t<\/div>\n\t\t\t\t<\/div>\n\t\t<div class=\"elementor-element elementor-element-c806f95 e-flex e-con-boxed e-con e-parent\" data-id=\"c806f95\" data-element_type=\"container\" data-e-type=\"container\">\n\t\t\t\t\t<div class=\"e-con-inner\">\n\t\t\t\t<div class=\"elementor-element elementor-element-88b9d55 elementor-widget elementor-widget-heading\" data-id=\"88b9d55\" data-element_type=\"widget\" data-e-type=\"widget\" data-widget_type=\"heading.default\">\n\t\t\t\t\t<h2 class=\"elementor-heading-title elementor-size-default\">Documentos de referencia<\/h2>\t\t\t\t<\/div>\n\t\t\t\t\t\t\t\t<p class=\"e-paragraph-base\" data-interaction-id=\"3dd0564\"  >\n\t\t\t\t\t\t\t\tPara evaluaci\u00f3n inicial y comprensi\u00f3n del modelo, accede a los documentos t\u00e9cnicos de esta soluci\u00f3n.\n\t\t\t\t\t<\/p>\n\t\t<div class=\"elementor-element elementor-element-ef840fa e-con-full e-flex e-con e-child\" data-id=\"ef840fa\" data-element_type=\"container\" data-e-type=\"container\">\n\t\t\t\t<div class=\"elementor-element elementor-element-1fe6f71 elementor-widget elementor-widget-heading\" data-id=\"1fe6f71\" data-element_type=\"widget\" data-e-type=\"widget\" data-widget_type=\"heading.default\">\n\t\t\t\t\t<h2 class=\"elementor-heading-title elementor-size-default\">T\u00e9rminos de la soluci\u00f3n SBLC<\/h2>\t\t\t\t<\/div>\n\t\t\t\t\t\t\t\t<p class=\"e-paragraph-base\" data-interaction-id=\"d9cbe51\"  >\n\t\t\t\t\t\t\t\tCondiciones operativas para ejecutar la capitalizaci\u00f3n de su proyecto apalancando su capital con una SBLC\n\t\t\t\t\t<\/p>\n\t\t\t\t<div class=\"elementor-element elementor-element-c6c4cdd elementor-align-center elementor-widget elementor-widget-button\" data-id=\"c6c4cdd\" data-element_type=\"widget\" data-e-type=\"widget\" data-widget_type=\"button.default\">\n\t\t\t\t\t\t\t\t\t\t<a class=\"elementor-button elementor-button-link elementor-size-sm\" href=\"https:\/\/www.dropbox.com\/scl\/fi\/lk6dz7zgwpr1mujn83vu7\/0.2-T-rminos-del-Negocio-SBLC.pdf?rlkey=2ovnkw747xas2ftxdx3nnpmmr&#038;st=hhc3h9x8&#038;dl=0\">\n\t\t\t\t\t\t<span class=\"elementor-button-content-wrapper\">\n\t\t\t\t\t\t\t\t\t<span class=\"elementor-button-text\">Explora el documento<\/span>\n\t\t\t\t\t<\/span>\n\t\t\t\t\t<\/a>\n\t\t\t\t\t\t\t\t<\/div>\n\t\t\t\t<\/div>\n\t\t<div class=\"elementor-element elementor-element-842a9ba e-con-full e-flex e-con e-child\" data-id=\"842a9ba\" data-element_type=\"container\" data-e-type=\"container\">\n\t\t<div class=\"elementor-element elementor-element-9a43af8 e-con-full e-flex e-con e-child\" data-id=\"9a43af8\" data-element_type=\"container\" data-e-type=\"container\">\n\t\t\t\t<div class=\"elementor-element elementor-element-aa04604 elementor-widget elementor-widget-heading\" data-id=\"aa04604\" data-element_type=\"widget\" data-e-type=\"widget\" data-widget_type=\"heading.default\">\n\t\t\t\t\t<h2 class=\"elementor-heading-title elementor-size-default\">Descripci\u00f3n de la soluci\u00f3n SBLC<\/h2>\t\t\t\t<\/div>\n\t\t\t\t\t\t\t\t<p class=\"e-paragraph-base\" data-interaction-id=\"3acf0c5\"  >\n\t\t\t\t\t\t\t\tProp\u00f3sito y proceso de ejecuci\u00f3n\n\t\t\t\t\t<\/p>\n\t\t\t\t<div class=\"elementor-element elementor-element-d6c0df7 elementor-align-center elementor-widget elementor-widget-button\" data-id=\"d6c0df7\" data-element_type=\"widget\" data-e-type=\"widget\" data-widget_type=\"button.default\">\n\t\t\t\t\t\t\t\t\t\t<a class=\"elementor-button elementor-button-link elementor-size-sm\" href=\"https:\/\/www.dropbox.com\/scl\/fi\/bs0a46xod6vk1isxds2rz\/0.1-Pitch-SBLC-vigente.pdf?rlkey=1c64qa6p5np5joocmmqe3t17b&#038;st=74thprac&#038;dl=0\">\n\t\t\t\t\t\t<span class=\"elementor-button-content-wrapper\">\n\t\t\t\t\t\t\t\t\t<span class=\"elementor-button-text\">Explora el documento<\/span>\n\t\t\t\t\t<\/span>\n\t\t\t\t\t<\/a>\n\t\t\t\t\t\t\t\t<\/div>\n\t\t\t\t<\/div>\n\t\t<div class=\"elementor-element elementor-element-6f069d6 e-con-full e-flex e-con e-child\" data-id=\"6f069d6\" data-element_type=\"container\" data-e-type=\"container\">\n\t\t\t\t<div class=\"elementor-element elementor-element-f49baf5 elementor-widget elementor-widget-heading\" data-id=\"f49baf5\" data-element_type=\"widget\" data-e-type=\"widget\" data-widget_type=\"heading.default\">\n\t\t\t\t\t<h2 class=\"elementor-heading-title elementor-size-default\">Presentaci\u00f3n en diapositivas<\/h2>\t\t\t\t<\/div>\n\t\t\t\t\t\t\t\t<p class=\"e-paragraph-base\" data-interaction-id=\"4b7fdf8\"  >\n\t\t\t\t\t\t\t\tExplicaci\u00f3n visual del proceso SBLC\n\t\t\t\t\t<\/p>\n\t\t\t\t<div class=\"elementor-element elementor-element-cefd042 elementor-align-center elementor-widget elementor-widget-button\" data-id=\"cefd042\" data-element_type=\"widget\" data-e-type=\"widget\" data-widget_type=\"button.default\">\n\t\t\t\t\t\t\t\t\t\t<a class=\"elementor-button elementor-button-link elementor-size-sm\" href=\"https:\/\/www.dropbox.com\/scl\/fi\/heik7jamerbiufpa0adbz\/Programa-SBLC_-Levantamiento-de-Capital.pdf?rlkey=8ur90rn5hwccvjz7kd66kotee&#038;st=esk2yb9e&#038;dl=0\">\n\t\t\t\t\t\t<span class=\"elementor-button-content-wrapper\">\n\t\t\t\t\t\t\t\t\t<span class=\"elementor-button-text\">Ver la presentaci\u00f3n<\/span>\n\t\t\t\t\t<\/span>\n\t\t\t\t\t<\/a>\n\t\t\t\t\t\t\t\t<\/div>\n\t\t\t\t<\/div>\n\t\t\t\t<\/div>\n\t\t\t\t\t<\/div>\n\t\t\t\t<\/div>\n\t\t<div class=\"elementor-element elementor-element-5e42103 e-flex e-con-boxed e-con e-parent\" data-id=\"5e42103\" data-element_type=\"container\" data-e-type=\"container\">\n\t\t\t\t\t<div class=\"e-con-inner\">\n\t\t\t\t<div class=\"elementor-element elementor-element-8b828c0 elementor-widget elementor-widget-heading\" data-id=\"8b828c0\" data-element_type=\"widget\" data-e-type=\"widget\" data-widget_type=\"heading.default\">\n\t\t\t\t\t<h2 class=\"elementor-heading-title elementor-size-default\">Confidencialidad y precisi\u00f3n institucional<\/h2>\t\t\t\t<\/div>\n\t\t\t\t\t\t\t\t<p class=\"e-paragraph-base\" data-interaction-id=\"2667903\"  >\n\t\t\t\t\t\t\t\tLa presente informaci\u00f3n es de car\u00e1cter privado y referencial. No constituye oferta p\u00fablica.<br><br>Sujeto a validaci\u00f3n documental, criterios de cumplimiento, aceptaci\u00f3n de contrapartes y calendario institucional.<br><br>Toda decisi\u00f3n requiere revisi\u00f3n legal, fiscal y financiera independiente.\n\t\t\t\t\t<\/p>\n\t\t\t\t\t<\/div>\n\t\t\t\t<\/div>\n\t\t<div class=\"elementor-element elementor-element-793fdb4 e-flex e-con-boxed e-con e-parent\" data-id=\"793fdb4\" data-element_type=\"container\" data-e-type=\"container\" data-settings=\"{&quot;background_background&quot;:&quot;classic&quot;}\">\n\t\t\t\t\t<div class=\"e-con-inner\">\n\t\t\t\t<div class=\"elementor-element elementor-element-c8f3b7f elementor-widget elementor-widget-heading\" data-id=\"c8f3b7f\" data-element_type=\"widget\" data-e-type=\"widget\" data-widget_type=\"heading.default\">\n\t\t\t\t\t<h2 class=\"elementor-heading-title elementor-size-default\">Acceso al ecosistema<\/h2>\t\t\t\t<\/div>\n\t\t\t\t<div class=\"elementor-element elementor-element-4ecca60 elementor-widget elementor-widget-heading\" data-id=\"4ecca60\" data-element_type=\"widget\" data-e-type=\"widget\" data-widget_type=\"heading.default\">\n\t\t\t\t\t<h2 class=\"elementor-heading-title elementor-size-default\">No todos necesitan esto. Pero algunos no pueden ignorarlo.<\/h2>\t\t\t\t<\/div>\n\t\t<div class=\"elementor-element elementor-element-f332e9b e-flex e-con-boxed e-con e-child\" data-id=\"f332e9b\" data-element_type=\"container\" data-e-type=\"container\">\n\t\t\t\t\t<div class=\"e-con-inner\">\n\t\t\t\t<div class=\"elementor-element elementor-element-9dabd3d elementor-widget elementor-widget-text-editor\" data-id=\"9dabd3d\" data-element_type=\"widget\" data-e-type=\"widget\" data-widget_type=\"text-editor.default\">\n\t\t\t\t\t\t\t\t\t<p style=\"text-align: center;\">El acceso a Prominent se realiza mediante un proceso estructurado de entendimiento, validaci\u00f3n y alineaci\u00f3n.<\/p><p>Si este modelo resuena contigo, el siguiente paso no es inmediato, pero s\u00ed claro.<\/p>\t\t\t\t\t\t\t\t<\/div>\n\t\t\t\t\t<\/div>\n\t\t\t\t<\/div>\n\t\t\t\t<div class=\"elementor-element elementor-element-aa6051b elementor-widget-mobile__width-initial elementor-widget elementor-widget-button\" data-id=\"aa6051b\" data-element_type=\"widget\" data-e-type=\"widget\" data-widget_type=\"button.default\">\n\t\t\t\t\t\t\t\t\t\t<a class=\"elementor-button elementor-button-link elementor-size-sm\" href=\"https:\/\/prominentroots.com\/index.php\/contacto\/\">\n\t\t\t\t\t\t<span class=\"elementor-button-content-wrapper\">\n\t\t\t\t\t\t\t\t\t<span class=\"elementor-button-text\">Solicitar acceso<\/span>\n\t\t\t\t\t<\/span>\n\t\t\t\t\t<\/a>\n\t\t\t\t\t\t\t\t<\/div>\n\t\t\t\t<div class=\"elementor-element elementor-element-0b0210c elementor-widget elementor-widget-text-editor\" data-id=\"0b0210c\" data-element_type=\"widget\" data-e-type=\"widget\" data-widget_type=\"text-editor.default\">\n\t\t\t\t\t\t\t\t\t<p style=\"text-align: center;\">El proceso inicia con una conversaci\u00f3n.<\/p>\t\t\t\t\t\t\t\t<\/div>\n\t\t\t\t\t<\/div>\n\t\t\t\t<\/div>\n\t\t\t\t<\/div>\n\t\t","protected":false},"excerpt":{"rendered":"<p>Capitalizaci\u00f3n estructurada para proyectos La emisi\u00f3n y monetizaci\u00f3n estrat\u00e9gica de Standby Letters of Credit (SBLC) permite estructurar capital para proyectos productivos con disciplina fiduciaria, control operativo y l\u00f3gica institucional.No se trata de fondeo improvisado.Se trata de una arquitectura financiera dise\u00f1ada para activar capacidad de ejecuci\u00f3n real. Qu\u00e9 resuelve Esta soluci\u00f3n est\u00e1 dise\u00f1ada para proyectos que&hellip;&nbsp;<\/p>\n","protected":false},"author":1,"featured_media":0,"parent":0,"menu_order":0,"comment_status":"closed","ping_status":"closed","template":"","meta":{"neve_meta_sidebar":"","neve_meta_container":"","neve_meta_enable_content_width":"off","neve_meta_content_width":100,"neve_meta_title_alignment":"","neve_meta_author_avatar":"","neve_post_elements_order":"","neve_meta_disable_header":"","neve_meta_disable_footer":"","neve_meta_disable_title":"","footnotes":""},"class_list":["post-289","page","type-page","status-publish","hentry"],"_links":{"self":[{"href":"https:\/\/prominentroots.com\/index.php\/wp-json\/wp\/v2\/pages\/289","targetHints":{"allow":["GET"]}}],"collection":[{"href":"https:\/\/prominentroots.com\/index.php\/wp-json\/wp\/v2\/pages"}],"about":[{"href":"https:\/\/prominentroots.com\/index.php\/wp-json\/wp\/v2\/types\/page"}],"author":[{"embeddable":true,"href":"https:\/\/prominentroots.com\/index.php\/wp-json\/wp\/v2\/users\/1"}],"replies":[{"embeddable":true,"href":"https:\/\/prominentroots.com\/index.php\/wp-json\/wp\/v2\/comments?post=289"}],"version-history":[{"count":46,"href":"https:\/\/prominentroots.com\/index.php\/wp-json\/wp\/v2\/pages\/289\/revisions"}],"predecessor-version":[{"id":1670,"href":"https:\/\/prominentroots.com\/index.php\/wp-json\/wp\/v2\/pages\/289\/revisions\/1670"}],"wp:attachment":[{"href":"https:\/\/prominentroots.com\/index.php\/wp-json\/wp\/v2\/media?parent=289"}],"curies":[{"name":"wp","href":"https:\/\/api.w.org\/{rel}","templated":true}]}}