{"id":535,"date":"2026-03-25T18:13:06","date_gmt":"2026-03-25T18:13:06","guid":{"rendered":"https:\/\/prominentroots.com\/?page_id=535"},"modified":"2026-04-07T02:30:12","modified_gmt":"2026-04-07T02:30:12","slug":"soluciones","status":"publish","type":"page","link":"https:\/\/prominentroots.com\/index.php\/soluciones\/","title":{"rendered":"Soluciones"},"content":{"rendered":"\t\t<div data-elementor-type=\"wp-page\" data-elementor-id=\"535\" class=\"elementor elementor-535\">\n\t\t\t\t<div class=\"elementor-element elementor-element-8630a16 e-flex e-con-boxed e-con e-parent\" data-id=\"8630a16\" data-element_type=\"container\" data-e-type=\"container\">\n\t\t\t\t\t<div class=\"e-con-inner\">\n\t\t<div class=\"elementor-element elementor-element-9b9fc28 e-con-full e-flex e-con e-child\" data-id=\"9b9fc28\" data-element_type=\"container\" data-e-type=\"container\">\n\t\t\t\t\t\t\t\n\t\t<img decoding=async data-opt-id=56910964  fetchpriority=\"high\" class=\"e-image-base \" \n\t\t\t\t\tdata-interaction-id=\"7baffe6\" \n\t\t \n\t\t \n\t\t\t\t\t\t\t\t\tid=\"1045\"\n\t\t\t\t\t\t\t\t\t\t\t\tsrc=\"https:\/\/mlogerfcbdv7.i.optimole.com\/w:auto\/h:auto\/q:mauto\/f:best\/https:\/\/prominentroots.com\/wp-content\/uploads\/2026\/04\/soluciones.png\"\n\t\t\t\t\t\t\t\t\t\t\t\twidth=\"926\"\n\t\t\t\t\t\t\t\t\t\t\t\theight=\"205\"\n\t\t\t\t\t\t\t\t\t\t\t\tsrcset=\"https:\/\/mlogerfcbdv7.i.optimole.com\/w:926\/h:205\/q:mauto\/f:best\/https:\/\/prominentroots.com\/wp-content\/uploads\/2026\/04\/soluciones.png 926w, https:\/\/mlogerfcbdv7.i.optimole.com\/w:300\/h:66\/q:mauto\/f:best\/https:\/\/prominentroots.com\/wp-content\/uploads\/2026\/04\/soluciones.png 300w, https:\/\/mlogerfcbdv7.i.optimole.com\/w:768\/h:170\/q:mauto\/f:best\/https:\/\/prominentroots.com\/wp-content\/uploads\/2026\/04\/soluciones.png 768w\"\n\t\t\t\t\t\t\t\t\t\t\t\talt=\"\"\n\t\t\t\t\t\t\/>\n\t\t\t\t\t<\/div>\n\t\t\t\t<div class=\"elementor-element elementor-element-d626cc0 elementor-widget elementor-widget-heading\" data-id=\"d626cc0\" data-element_type=\"widget\" data-e-type=\"widget\" data-widget_type=\"heading.default\">\n\t\t\t\t\t<h2 class=\"elementor-heading-title elementor-size-default\">Soluciones estructurales para capital sofisticado<\/h2>\t\t\t\t<\/div>\n\t\t\t\t\t\t\t\t<p class=\"e-paragraph-base\" data-interaction-id=\"2a3f90f\"  >\n\t\t\t\t\t\t\t\tNo ofrecemos productos aislados.<br><br>Dise\u00f1amos arquitecturas completas para operar capital con control, eficiencia y visi\u00f3n de largo plazo.\n\t\t\t\t\t<\/p>\n\t\t\t\t\t\t\t\t<p class=\"e-paragraph-base\" data-interaction-id=\"45fc571\"  >\n\t\t\t\t\t\t\t\tCada soluci\u00f3n responde a una funci\u00f3n dentro del ecosistema.<br><br>No compiten entre s\u00ed.<br>Se integran.\n\t\t\t\t\t<\/p>\n\t\t<div class=\"elementor-element elementor-element-2be7ad2 e-con-full e-flex e-con e-child\" data-id=\"2be7ad2\" data-element_type=\"container\" data-e-type=\"container\">\n\t\t<div class=\"elementor-element elementor-element-f0896b8 e-con-full e-flex e-con e-child\" data-id=\"f0896b8\" data-element_type=\"container\" data-e-type=\"container\" data-settings=\"{&quot;background_background&quot;:&quot;classic&quot;}\">\n\t\t\t\t<div class=\"elementor-element elementor-element-a77087a elementor-widget elementor-widget-image\" data-id=\"a77087a\" data-element_type=\"widget\" data-e-type=\"widget\" data-widget_type=\"image.default\">\n\t\t\t\t\t\t\t\t\t\t\t\t\t\t\t<img data-opt-id=82778866  fetchpriority=\"high\" decoding=\"async\" width=\"746\" height=\"407\" src=\"https:\/\/mlogerfcbdv7.i.optimole.com\/w:746\/h:407\/q:mauto\/f:best\/https:\/\/prominentroots.com\/wp-content\/uploads\/2026\/03\/SBLC.png\" class=\"attachment-1536x1536 size-1536x1536 wp-image-658\" alt=\"\" srcset=\"https:\/\/mlogerfcbdv7.i.optimole.com\/w:746\/h:407\/q:mauto\/f:best\/https:\/\/prominentroots.com\/wp-content\/uploads\/2026\/03\/SBLC.png 746w, https:\/\/mlogerfcbdv7.i.optimole.com\/w:300\/h:164\/q:mauto\/f:best\/https:\/\/prominentroots.com\/wp-content\/uploads\/2026\/03\/SBLC.png 300w\" sizes=\"(max-width: 746px) 100vw, 746px\" \/>\t\t\t\t\t\t\t\t\t\t\t\t\t\t\t<\/div>\n\t\t\t\t<div class=\"elementor-element elementor-element-33b4d5e elementor-widget elementor-widget-heading\" data-id=\"33b4d5e\" data-element_type=\"widget\" data-e-type=\"widget\" data-widget_type=\"heading.default\">\n\t\t\t\t\t<h2 class=\"elementor-heading-title elementor-size-default\">Capitalizaci\u00f3n v\u00eda SBLC<\/h2>\t\t\t\t<\/div>\n\t\t\t\t\t\t\t\t<p class=\"e-paragraph-base\" data-interaction-id=\"806140b\"  >\n\t\t\t\t\t\t\t\tInstrumentos financieros estructurados para generar liquidez, apalancamiento y capacidad operativa sin descapitalizaci\u00f3n directa.\n\t\t\t\t\t<\/p>\n\t\t\t\t<div class=\"elementor-element elementor-element-586fa1c elementor-widget elementor-widget-button\" data-id=\"586fa1c\" data-element_type=\"widget\" data-e-type=\"widget\" data-widget_type=\"button.default\">\n\t\t\t\t\t\t\t\t\t\t<a class=\"elementor-button elementor-button-link elementor-size-sm\" href=\"https:\/\/prominentroots.com\/index.php\/financiamiento-creativo-via-sblcs\/\" target=\"_blank\">\n\t\t\t\t\t\t<span class=\"elementor-button-content-wrapper\">\n\t\t\t\t\t\t\t\t\t<span class=\"elementor-button-text\">Explorar Soluci\u00f3n<\/span>\n\t\t\t\t\t<\/span>\n\t\t\t\t\t<\/a>\n\t\t\t\t\t\t\t\t<\/div>\n\t\t<div class=\"elementor-element elementor-element-e67a7e9 e-con-full e-flex e-con e-child\" data-id=\"e67a7e9\" data-element_type=\"container\" data-e-type=\"container\">\n\t\t\t\t<\/div>\n\t\t\t\t<\/div>\n\t\t<div class=\"elementor-element elementor-element-37120ab e-con-full e-flex e-con e-child\" data-id=\"37120ab\" data-element_type=\"container\" data-e-type=\"container\" data-settings=\"{&quot;background_background&quot;:&quot;classic&quot;}\">\n\t\t\t\t<div class=\"elementor-element elementor-element-8db0168 elementor-widget elementor-widget-image\" data-id=\"8db0168\" data-element_type=\"widget\" data-e-type=\"widget\" data-widget_type=\"image.default\">\n\t\t\t\t\t\t\t\t\t\t\t\t\t\t\t<img data-opt-id=89524872  data-opt-src=\"https:\/\/mlogerfcbdv7.i.optimole.com\/w:753\/h:405\/q:mauto\/f:best\/https:\/\/prominentroots.com\/wp-content\/uploads\/2026\/03\/infra-offsh2.png\"  decoding=\"async\" width=\"753\" height=\"405\" src=\"data:image/svg+xml,%3Csvg%20viewBox%3D%220%200%20753%20405%22%20width%3D%22753%22%20height%3D%22405%22%20xmlns%3D%22http%3A%2F%2Fwww.w3.org%2F2000%2Fsvg%22%3E%3Crect%20width%3D%22753%22%20height%3D%22405%22%20fill%3D%22transparent%22%2F%3E%3C%2Fsvg%3E\" class=\"attachment-large size-large wp-image-660\" alt=\"\" old-srcset=\"https:\/\/mlogerfcbdv7.i.optimole.com\/w:753\/h:405\/q:mauto\/f:best\/https:\/\/prominentroots.com\/wp-content\/uploads\/2026\/03\/infra-offsh2.png 753w, https:\/\/mlogerfcbdv7.i.optimole.com\/w:300\/h:161\/q:mauto\/f:best\/https:\/\/prominentroots.com\/wp-content\/uploads\/2026\/03\/infra-offsh2.png 300w\" \/>\t\t\t\t\t\t\t\t\t\t\t\t\t\t\t<\/div>\n\t\t\t\t<div class=\"elementor-element elementor-element-88f083a elementor-widget elementor-widget-heading\" data-id=\"88f083a\" data-element_type=\"widget\" data-e-type=\"widget\" data-widget_type=\"heading.default\">\n\t\t\t\t\t<h2 class=\"elementor-heading-title elementor-size-default\">Infraestructura Offshore<\/h2>\t\t\t\t<\/div>\n\t\t\t\t\t\t\t\t<p class=\"e-paragraph-base\" data-interaction-id=\"3796347\"  >\n\t\t\t\t\t\t\t\tArquitecturas internacionales dise\u00f1adas para protecci\u00f3n patrimonial, eficiencia fiscal y operaci\u00f3n global del capital.\n\t\t\t\t\t<\/p>\n\t\t\t\t<div class=\"elementor-element elementor-element-e67277f elementor-align-center elementor-widget elementor-widget-button\" data-id=\"e67277f\" data-element_type=\"widget\" data-e-type=\"widget\" data-widget_type=\"button.default\">\n\t\t\t\t\t\t\t\t\t\t<a class=\"elementor-button elementor-button-link elementor-size-sm\" href=\"https:\/\/prominentroots.com\/index.php\/infraestructura-offshore-ndp-os\/\">\n\t\t\t\t\t\t<span class=\"elementor-button-content-wrapper\">\n\t\t\t\t\t\t\t\t\t<span class=\"elementor-button-text\">Explorar Soluci\u00f3n<\/span>\n\t\t\t\t\t<\/span>\n\t\t\t\t\t<\/a>\n\t\t\t\t\t\t\t\t<\/div>\n\t\t<div class=\"elementor-element elementor-element-1800569 e-con-full e-flex e-con e-child\" data-id=\"1800569\" data-element_type=\"container\" data-e-type=\"container\">\n\t\t\t\t<\/div>\n\t\t\t\t<\/div>\n\t\t<div class=\"elementor-element elementor-element-9934efd e-con-full e-flex e-con e-child\" data-id=\"9934efd\" data-element_type=\"container\" data-e-type=\"container\" data-settings=\"{&quot;background_background&quot;:&quot;classic&quot;}\">\n\t\t\t\t<div class=\"elementor-element elementor-element-5c3ae37 elementor-widget elementor-widget-image\" data-id=\"5c3ae37\" data-element_type=\"widget\" data-e-type=\"widget\" data-widget_type=\"image.default\">\n\t\t\t\t\t\t\t\t\t\t\t\t\t\t\t<img data-opt-id=1918041328  data-opt-src=\"https:\/\/mlogerfcbdv7.i.optimole.com\/w:1493\/h:791\/q:mauto\/f:best\/https:\/\/prominentroots.com\/wp-content\/uploads\/2026\/03\/tokenizacion.png\"  decoding=\"async\" width=\"1493\" height=\"791\" src=\"data:image/svg+xml,%3Csvg%20viewBox%3D%220%200%201493%20791%22%20width%3D%221493%22%20height%3D%22791%22%20xmlns%3D%22http%3A%2F%2Fwww.w3.org%2F2000%2Fsvg%22%3E%3Crect%20width%3D%221493%22%20height%3D%22791%22%20fill%3D%22transparent%22%2F%3E%3C%2Fsvg%3E\" class=\"attachment-2048x2048 size-2048x2048 wp-image-661\" alt=\"\" old-srcset=\"https:\/\/mlogerfcbdv7.i.optimole.com\/w:1493\/h:791\/q:mauto\/f:best\/https:\/\/prominentroots.com\/wp-content\/uploads\/2026\/03\/tokenizacion.png 1493w, https:\/\/mlogerfcbdv7.i.optimole.com\/w:300\/h:159\/q:mauto\/f:best\/https:\/\/prominentroots.com\/wp-content\/uploads\/2026\/03\/tokenizacion.png 300w, https:\/\/mlogerfcbdv7.i.optimole.com\/w:1024\/h:543\/q:mauto\/f:best\/https:\/\/prominentroots.com\/wp-content\/uploads\/2026\/03\/tokenizacion.png 1024w, https:\/\/mlogerfcbdv7.i.optimole.com\/w:768\/h:407\/q:mauto\/f:best\/https:\/\/prominentroots.com\/wp-content\/uploads\/2026\/03\/tokenizacion.png 768w\" \/>\t\t\t\t\t\t\t\t\t\t\t\t\t\t\t<\/div>\n\t\t\t\t<div class=\"elementor-element elementor-element-7c59461 elementor-widget elementor-widget-heading\" data-id=\"7c59461\" data-element_type=\"widget\" data-e-type=\"widget\" data-widget_type=\"heading.default\">\n\t\t\t\t\t<h2 class=\"elementor-heading-title elementor-size-default\">Tokenizaci\u00f3n de Activos<\/h2>\t\t\t\t<\/div>\n\t\t\t\t\t\t\t\t<p class=\"e-paragraph-base\" data-interaction-id=\"9f03f15\"  >\n\t\t\t\t\t\t\t\tDigitalizaci\u00f3n de activos reales para optimizar liquidez, trazabilidad y acceso a nuevos mercados.\n\t\t\t\t\t<\/p>\n\t\t\t\t<div class=\"elementor-element elementor-element-0ed2c49 elementor-align-center elementor-widget elementor-widget-button\" data-id=\"0ed2c49\" data-element_type=\"widget\" data-e-type=\"widget\" data-widget_type=\"button.default\">\n\t\t\t\t\t\t\t\t\t\t<a class=\"elementor-button elementor-button-link elementor-size-sm\" href=\"https:\/\/prominentroots.com\/index.php\/prominent-token\/\">\n\t\t\t\t\t\t<span class=\"elementor-button-content-wrapper\">\n\t\t\t\t\t\t\t\t\t<span class=\"elementor-button-text\">Explorar Soluci\u00f3n<\/span>\n\t\t\t\t\t<\/span>\n\t\t\t\t\t<\/a>\n\t\t\t\t\t\t\t\t<\/div>\n\t\t<div class=\"elementor-element elementor-element-90fe7ac e-con-full e-flex e-con e-child\" data-id=\"90fe7ac\" data-element_type=\"container\" data-e-type=\"container\">\n\t\t\t\t<\/div>\n\t\t\t\t<\/div>\n\t\t\t\t<\/div>\n\t\t\t\t\t<\/div>\n\t\t\t\t<\/div>\n\t\t<div class=\"elementor-element elementor-element-bb988b1 e-flex e-con-boxed e-con e-parent\" data-id=\"bb988b1\" data-element_type=\"container\" data-e-type=\"container\">\n\t\t\t\t\t<div class=\"e-con-inner\">\n\t\t\t\t<div class=\"elementor-element elementor-element-1e776f2 elementor-widget elementor-widget-heading\" data-id=\"1e776f2\" data-element_type=\"widget\" data-e-type=\"widget\" data-widget_type=\"heading.default\">\n\t\t\t\t\t<h2 class=\"elementor-heading-title elementor-size-default\">No todas las soluciones aplican a todos los casos<\/h2>\t\t\t\t<\/div>\n\t\t\t\t\t\t\t\t<p class=\"e-paragraph-base\" data-interaction-id=\"79eb5d8\"  >\n\t\t\t\t\t\t\t\tCada estructura se dise\u00f1a en funci\u00f3n del perfil, objetivos y contexto del cliente.<br><br>No se trata de elegir una soluci\u00f3n.<br><br>Se trata de dise\u00f1ar la arquitectura correcta.\n\t\t\t\t\t<\/p>\n\t\t\t\t<div class=\"elementor-element elementor-element-5c9a8ba elementor-widget elementor-widget-text-editor\" data-id=\"5c9a8ba\" data-element_type=\"widget\" data-e-type=\"widget\" data-widget_type=\"text-editor.default\">\n\t\t\t\t\t\t\t\t\t<blockquote><p>El valor no est\u00e1 en la herramienta.<br \/>Est\u00e1 en c\u00f3mo se estructura.<\/p><\/blockquote>\t\t\t\t\t\t\t\t<\/div>\n\t\t\t\t\t<\/div>\n\t\t\t\t<\/div>\n\t\t<div class=\"elementor-element elementor-element-df2d6e0 e-flex e-con-boxed e-con e-parent\" data-id=\"df2d6e0\" data-element_type=\"container\" data-e-type=\"container\" data-settings=\"{&quot;background_background&quot;:&quot;classic&quot;}\">\n\t\t\t\t\t<div class=\"e-con-inner\">\n\t\t\t\t<div class=\"elementor-element elementor-element-d6839cd elementor-widget elementor-widget-heading\" data-id=\"d6839cd\" data-element_type=\"widget\" data-e-type=\"widget\" data-widget_type=\"heading.default\">\n\t\t\t\t\t<h2 class=\"elementor-heading-title elementor-size-default\">Acceso al ecosistema<\/h2>\t\t\t\t<\/div>\n\t\t\t\t<div class=\"elementor-element elementor-element-a8a1098 elementor-widget elementor-widget-heading\" data-id=\"a8a1098\" data-element_type=\"widget\" data-e-type=\"widget\" data-widget_type=\"heading.default\">\n\t\t\t\t\t<h2 class=\"elementor-heading-title elementor-size-default\">No todos necesitan esto. Pero algunos no pueden ignorarlo.<\/h2>\t\t\t\t<\/div>\n\t\t<div class=\"elementor-element elementor-element-f2159f4 e-flex e-con-boxed e-con e-child\" data-id=\"f2159f4\" data-element_type=\"container\" data-e-type=\"container\">\n\t\t\t\t\t<div class=\"e-con-inner\">\n\t\t\t\t<div class=\"elementor-element elementor-element-d35f46d elementor-widget elementor-widget-text-editor\" data-id=\"d35f46d\" data-element_type=\"widget\" data-e-type=\"widget\" data-widget_type=\"text-editor.default\">\n\t\t\t\t\t\t\t\t\t<p style=\"text-align: center;\">El acceso a Prominent se realiza mediante un proceso estructurado de entendimiento, validaci\u00f3n y alineaci\u00f3n.<\/p><p>Si este modelo resuena contigo, el siguiente paso no es inmediato, pero s\u00ed claro.<\/p>\t\t\t\t\t\t\t\t<\/div>\n\t\t\t\t\t<\/div>\n\t\t\t\t<\/div>\n\t\t\t\t<div class=\"elementor-element elementor-element-52a28ce elementor-widget-mobile__width-initial elementor-widget elementor-widget-button\" data-id=\"52a28ce\" data-element_type=\"widget\" data-e-type=\"widget\" data-widget_type=\"button.default\">\n\t\t\t\t\t\t\t\t\t\t<a class=\"elementor-button elementor-button-link elementor-size-sm\" href=\"https:\/\/prominentroots.com\/index.php\/contacto\/\">\n\t\t\t\t\t\t<span class=\"elementor-button-content-wrapper\">\n\t\t\t\t\t\t\t\t\t<span class=\"elementor-button-text\">Solicitar acceso<\/span>\n\t\t\t\t\t<\/span>\n\t\t\t\t\t<\/a>\n\t\t\t\t\t\t\t\t<\/div>\n\t\t\t\t<div class=\"elementor-element elementor-element-3a107a7 elementor-widget elementor-widget-text-editor\" data-id=\"3a107a7\" data-element_type=\"widget\" data-e-type=\"widget\" data-widget_type=\"text-editor.default\">\n\t\t\t\t\t\t\t\t\t<p style=\"text-align: center;\">El proceso inicia con una conversaci\u00f3n.<\/p>\t\t\t\t\t\t\t\t<\/div>\n\t\t\t\t\t<\/div>\n\t\t\t\t<\/div>\n\t\t\t\t<\/div>\n\t\t","protected":false},"excerpt":{"rendered":"<p>Soluciones estructurales para capital sofisticado No ofrecemos productos aislados. Dise\u00f1amos arquitecturas completas para operar capital con control, eficiencia y visi\u00f3n de largo plazo. Cada soluci\u00f3n responde a una funci\u00f3n dentro del ecosistema. No compiten entre s\u00ed.Se integran. Capitalizaci\u00f3n v\u00eda SBLC Instrumentos financieros estructurados para generar liquidez, apalancamiento y capacidad operativa sin descapitalizaci\u00f3n directa. Explorar Soluci\u00f3n&hellip;&nbsp;<\/p>\n","protected":false},"author":1,"featured_media":0,"parent":0,"menu_order":0,"comment_status":"closed","ping_status":"closed","template":"page-templates\/template-pagebuilder-full-width.php","meta":{"neve_meta_sidebar":"","neve_meta_container":"","neve_meta_enable_content_width":"off","neve_meta_content_width":100,"neve_meta_title_alignment":"","neve_meta_author_avatar":"","neve_post_elements_order":"","neve_meta_disable_header":"","neve_meta_disable_footer":"","neve_meta_disable_title":"","footnotes":""},"class_list":["post-535","page","type-page","status-publish","hentry"],"_links":{"self":[{"href":"https:\/\/prominentroots.com\/index.php\/wp-json\/wp\/v2\/pages\/535","targetHints":{"allow":["GET"]}}],"collection":[{"href":"https:\/\/prominentroots.com\/index.php\/wp-json\/wp\/v2\/pages"}],"about":[{"href":"https:\/\/prominentroots.com\/index.php\/wp-json\/wp\/v2\/types\/page"}],"author":[{"embeddable":true,"href":"https:\/\/prominentroots.com\/index.php\/wp-json\/wp\/v2\/users\/1"}],"replies":[{"embeddable":true,"href":"https:\/\/prominentroots.com\/index.php\/wp-json\/wp\/v2\/comments?post=535"}],"version-history":[{"count":46,"href":"https:\/\/prominentroots.com\/index.php\/wp-json\/wp\/v2\/pages\/535\/revisions"}],"predecessor-version":[{"id":1535,"href":"https:\/\/prominentroots.com\/index.php\/wp-json\/wp\/v2\/pages\/535\/revisions\/1535"}],"wp:attachment":[{"href":"https:\/\/prominentroots.com\/index.php\/wp-json\/wp\/v2\/media?parent=535"}],"curies":[{"name":"wp","href":"https:\/\/api.w.org\/{rel}","templated":true}]}}