{"id":541,"date":"2026-03-25T18:14:10","date_gmt":"2026-03-25T18:14:10","guid":{"rendered":"https:\/\/prominentroots.com\/?page_id=541"},"modified":"2026-04-18T00:50:22","modified_gmt":"2026-04-18T00:50:22","slug":"humanitas","status":"publish","type":"page","link":"https:\/\/prominentroots.com\/index.php\/humanitas\/","title":{"rendered":"HUMANITAS"},"content":{"rendered":"\t\t<div data-elementor-type=\"wp-page\" data-elementor-id=\"541\" class=\"elementor elementor-541\">\n\t\t\t\t<div class=\"elementor-element elementor-element-42eb85b e-flex e-con-boxed e-con e-parent\" data-id=\"42eb85b\" data-element_type=\"container\" data-e-type=\"container\">\n\t\t\t\t\t<div class=\"e-con-inner\">\n\t\t\t\t<div class=\"elementor-element elementor-element-0d6d320 elementor-widget elementor-widget-image\" data-id=\"0d6d320\" data-element_type=\"widget\" data-e-type=\"widget\" data-widget_type=\"image.default\">\n\t\t\t\t\t\t\t\t\t\t\t\t\t\t\t<img data-opt-id=345238455  fetchpriority=\"high\" decoding=\"async\" width=\"1005\" height=\"357\" src=\"https:\/\/mlogerfcbdv7.i.optimole.com\/w:auto\/h:auto\/q:mauto\/f:best\/https:\/\/prominentroots.com\/wp-content\/uploads\/2026\/04\/PR-HUMANITAS.png\" class=\"attachment-large size-large wp-image-1280\" alt=\"\" srcset=\"https:\/\/mlogerfcbdv7.i.optimole.com\/w:auto\/h:auto\/q:mauto\/f:best\/https:\/\/prominentroots.com\/wp-content\/uploads\/2026\/04\/PR-HUMANITAS.png 1005w, https:\/\/mlogerfcbdv7.i.optimole.com\/w:300\/h:107\/q:mauto\/f:best\/https:\/\/prominentroots.com\/wp-content\/uploads\/2026\/04\/PR-HUMANITAS.png 300w, https:\/\/mlogerfcbdv7.i.optimole.com\/w:768\/h:273\/q:mauto\/f:best\/https:\/\/prominentroots.com\/wp-content\/uploads\/2026\/04\/PR-HUMANITAS.png 768w\" sizes=\"(max-width: 1005px) 100vw, 1005px\" \/>\t\t\t\t\t\t\t\t\t\t\t\t\t\t\t<\/div>\n\t\t\t\t\t<\/div>\n\t\t\t\t<\/div>\n\t\t\t\t<div class=\"elementor-element elementor-element-f3128ff e-con e-atomic-element e-flexbox-base e-f3128ff-c7b977c\" data-id=\"f3128ff\" data-element_type=\"e-flexbox\" data-e-type=\"e-flexbox\" data-interaction-id=\"f3128ff\">\n\t\t\t\t<div class=\"elementor-element elementor-element-64467ed elementor-widget elementor-widget-heading\" data-id=\"64467ed\" data-element_type=\"widget\" data-e-type=\"widget\" data-widget_type=\"heading.default\">\n\t\t\t\t\t<h2 class=\"elementor-heading-title elementor-size-default\">La dimensi\u00f3n \u00e9tica del capital<\/h2>\t\t\t\t<\/div>\n\t\t\t\t<\/div>\n\t\t<div class=\"elementor-element elementor-element-0d2f9c5 e-flex e-con-boxed e-con e-parent\" data-id=\"0d2f9c5\" data-element_type=\"container\" data-e-type=\"container\">\n\t\t\t\t\t<div class=\"e-con-inner\">\n\t\t<div class=\"elementor-element elementor-element-5bd9135 e-con-full e-flex e-con e-child\" data-id=\"5bd9135\" data-element_type=\"container\" data-e-type=\"container\">\n\t\t\t\t\t\t\t\t<p class=\"e-78c7b24-fd2d5ee e-paragraph-base\" data-interaction-id=\"78c7b24\"  >\n\t\t\t\t\t\t\t\tHumanitas representa la dimensi\u00f3n \u00e9tica dentro del ecosistema Prominent.<br><br>Cuando el capital est\u00e1 bien estructurado, no solo se conserva y crece.<br>Tambi\u00e9n puede generar impacto.<br><br>No desde la obligaci\u00f3n.<br>Desde la conciencia.\n\t\t\t\t\t<\/p>\n\t\t\t\t<div class=\"elementor-element elementor-element-0de2d4f elementor-widget elementor-widget-image\" data-id=\"0de2d4f\" data-element_type=\"widget\" data-e-type=\"widget\" data-widget_type=\"image.default\">\n\t\t\t\t\t\t\t\t\t\t\t\t\t\t\t<img data-opt-id=889596951  fetchpriority=\"high\" decoding=\"async\" width=\"317\" height=\"177\" src=\"https:\/\/mlogerfcbdv7.i.optimole.com\/w:auto\/h:auto\/q:mauto\/f:best\/https:\/\/prominentroots.com\/wp-content\/uploads\/2026\/04\/family-legacy-three-generations-hands-in-loving-memory-the-pros-and-con-of-legacy-grants-removebg-preview.png\" class=\"attachment-large size-large wp-image-1633\" alt=\"\" srcset=\"https:\/\/mlogerfcbdv7.i.optimole.com\/w:auto\/h:auto\/q:mauto\/f:best\/https:\/\/prominentroots.com\/wp-content\/uploads\/2026\/04\/family-legacy-three-generations-hands-in-loving-memory-the-pros-and-con-of-legacy-grants-removebg-preview.png 317w, https:\/\/mlogerfcbdv7.i.optimole.com\/w:300\/h:168\/q:mauto\/f:best\/https:\/\/prominentroots.com\/wp-content\/uploads\/2026\/04\/family-legacy-three-generations-hands-in-loving-memory-the-pros-and-con-of-legacy-grants-removebg-preview.png 300w\" sizes=\"(max-width: 317px) 100vw, 317px\" \/>\t\t\t\t\t\t\t\t\t\t\t\t\t\t\t<\/div>\n\t\t\t\t<\/div>\n\t\t\t\t\t<\/div>\n\t\t\t\t<\/div>\n\t\t<div class=\"elementor-element elementor-element-a6cbc98 e-flex e-con-boxed e-con e-parent\" data-id=\"a6cbc98\" data-element_type=\"container\" data-e-type=\"container\">\n\t\t\t\t\t<div class=\"e-con-inner\">\n\t\t\t\t<div class=\"elementor-element elementor-element-56c5d0c elementor-widget__width-initial elementor-widget elementor-widget-text-editor\" data-id=\"56c5d0c\" data-element_type=\"widget\" data-e-type=\"widget\" data-widget_type=\"text-editor.default\">\n\t\t\t\t\t\t\t\t\t<blockquote><p>La prosperidad no se justifica.<br \/>Se demuestra en lo que transforma.<\/p><p>El capital bien gobernado no solo acumula.<br \/>Tambi\u00e9n redistribuye con prop\u00f3sito.<\/p><\/blockquote>\t\t\t\t\t\t\t\t<\/div>\n\t\t\t\t\t\t\t\n\t\t<img decoding=async data-opt-id=214894137  data-opt-src=\"https:\/\/mlogerfcbdv7.i.optimole.com\/w:auto\/h:auto\/q:mauto\/f:best\/https:\/\/prominentroots.com\/wp-content\/uploads\/2026\/04\/FONDO-HUMANITAS2.png\"  class=\"e-image-base \" \n\t\t\t\t\tdata-interaction-id=\"8ea0078\" \n\t\t \n\t\t \n\t\t\t\t\t\t\t\t\tid=\"1290\"\n\t\t\t\t\t\t\t\t\t\t\t\tsrc=\"https:\/\/mlogerfcbdv7.i.optimole.com\/w:auto\/h:auto\/q:mauto\/f:best\/https:\/\/prominentroots.com\/wp-content\/uploads\/2026\/04\/FONDO-HUMANITAS2.png\"\n\t\t\t\t\t\t\t\t\t\t\t\twidth=\"752\"\n\t\t\t\t\t\t\t\t\t\t\t\theight=\"434\"\n\t\t\t\t\t\t\t\t\t\t\t\told-srcset=\"https:\/\/mlogerfcbdv7.i.optimole.com\/w:752\/h:434\/q:mauto\/f:best\/https:\/\/prominentroots.com\/wp-content\/uploads\/2026\/04\/FONDO-HUMANITAS2.png 752w, https:\/\/mlogerfcbdv7.i.optimole.com\/w:300\/h:173\/q:mauto\/f:best\/https:\/\/prominentroots.com\/wp-content\/uploads\/2026\/04\/FONDO-HUMANITAS2.png 300w\"\n\t\t\t\t\t\t\t\t\t\t\t\talt=\"\"\n\t\t\t\t\t\t\/>\n\t\t\t\t\t\t<\/div>\n\t\t\t\t<\/div>\n\t\t<div class=\"elementor-element elementor-element-8cd0610 e-con-full e-flex e-con e-child\" data-id=\"8cd0610\" data-element_type=\"container\" data-e-type=\"container\">\n\t\t<div class=\"elementor-element elementor-element-ef9414f e-con-full e-flex e-con e-child\" data-id=\"ef9414f\" data-element_type=\"container\" data-e-type=\"container\">\n\t\t\t\t<div class=\"elementor-element elementor-element-b39ff4d elementor-widget elementor-widget-heading\" data-id=\"b39ff4d\" data-element_type=\"widget\" data-e-type=\"widget\" data-widget_type=\"heading.default\">\n\t\t\t\t\t<h3 class=\"elementor-heading-title elementor-size-default\">Origen<\/h3>\t\t\t\t<\/div>\n\t\t\t\t\t\t\t\t<p class=\"e-paragraph-base\" data-interaction-id=\"a00f657\"  >\n\t\t\t\t\t\t\t\t\u2022 Utilidades generadas por el sistema <br>\u2022 Decisiones del fundador <br>\u2022 Asignaci\u00f3n voluntaria\n\t\t\t\t\t<\/p>\n\t\t\t\t<\/div>\n\t\t<div class=\"elementor-element elementor-element-83d13f5 e-con-full e-flex e-con e-child\" data-id=\"83d13f5\" data-element_type=\"container\" data-e-type=\"container\">\n\t\t\t\t<div class=\"elementor-element elementor-element-4741313 elementor-widget elementor-widget-heading\" data-id=\"4741313\" data-element_type=\"widget\" data-e-type=\"widget\" data-widget_type=\"heading.default\">\n\t\t\t\t\t<h3 class=\"elementor-heading-title elementor-size-default\">Ejecuci\u00f3n<\/h3>\t\t\t\t<\/div>\n\t\t\t\t\t\t\t\t<p class=\"e-paragraph-base\" data-interaction-id=\"e045143\"  >\n\t\t\t\t\t\t\t\t\u2022 Selecci\u00f3n de causas <br>\u2022 Estructura de impacto <br>\u2022 Trazabilidad del uso\n\t\t\t\t\t<\/p>\n\t\t\t\t<\/div>\n\t\t<div class=\"elementor-element elementor-element-b166ec4 e-con-full e-flex e-con e-child\" data-id=\"b166ec4\" data-element_type=\"container\" data-e-type=\"container\">\n\t\t\t\t<div class=\"elementor-element elementor-element-5b81b13 elementor-widget elementor-widget-heading\" data-id=\"5b81b13\" data-element_type=\"widget\" data-e-type=\"widget\" data-widget_type=\"heading.default\">\n\t\t\t\t\t<h3 class=\"elementor-heading-title elementor-size-default\">Resultado<\/h3>\t\t\t\t<\/div>\n\t\t\t\t\t\t\t\t<p class=\"e-paragraph-base\" data-interaction-id=\"43ba2cf\"  >\n\t\t\t\t\t\t\t\t\u2022 Impacto medible <br>\u2022 Coherencia patrimonial <br>\u2022 Legado con prop\u00f3sito\n\t\t\t\t\t<\/p>\n\t\t\t\t<\/div>\n\t\t\t\t<\/div>\n\t\t<div class=\"elementor-element elementor-element-b1ebcf8 e-flex e-con-boxed e-con e-parent\" data-id=\"b1ebcf8\" data-element_type=\"container\" data-e-type=\"container\">\n\t\t\t\t\t<div class=\"e-con-inner\">\n\t\t\t\t\t\t\t\t<p class=\"e-paragraph-base\" data-interaction-id=\"7a7e2b7\"  >\n\t\t\t\t\t\t\t\tHumanitas es un \u00f3rgano propio de Prominent Roots.<br><br>No es obligatorio que los fundadores de sus propios NDPs lo integren a su sistema.<br><br>Cada fundador decide si incorpora esta dimensi\u00f3n, as\u00ed como el porcentaje de beneficios que desea destinar a causas nobles y humanitarias.\n\t\t\t\t\t<\/p>\n\t\t\t\t\t<\/div>\n\t\t\t\t<\/div>\n\t\t<div class=\"elementor-element elementor-element-eaff570 e-flex e-con-boxed e-con e-parent\" data-id=\"eaff570\" data-element_type=\"container\" data-e-type=\"container\" data-settings=\"{&quot;background_background&quot;:&quot;classic&quot;}\">\n\t\t\t\t\t<div class=\"e-con-inner\">\n\t\t\t\t<div class=\"elementor-element elementor-element-c004d73 elementor-widget elementor-widget-heading\" data-id=\"c004d73\" data-element_type=\"widget\" data-e-type=\"widget\" data-widget_type=\"heading.default\">\n\t\t\t\t\t<h2 class=\"elementor-heading-title elementor-size-default\">Acceso al ecosistema<\/h2>\t\t\t\t<\/div>\n\t\t\t\t<div class=\"elementor-element elementor-element-39b3473 elementor-widget elementor-widget-heading\" data-id=\"39b3473\" data-element_type=\"widget\" data-e-type=\"widget\" data-widget_type=\"heading.default\">\n\t\t\t\t\t<h2 class=\"elementor-heading-title elementor-size-default\">No todos necesitan esto. Pero algunos no pueden ignorarlo.<\/h2>\t\t\t\t<\/div>\n\t\t<div class=\"elementor-element elementor-element-03c14d0 e-flex e-con-boxed e-con e-child\" data-id=\"03c14d0\" data-element_type=\"container\" data-e-type=\"container\">\n\t\t\t\t\t<div class=\"e-con-inner\">\n\t\t\t\t<div class=\"elementor-element elementor-element-2319354 elementor-widget elementor-widget-text-editor\" data-id=\"2319354\" data-element_type=\"widget\" data-e-type=\"widget\" data-widget_type=\"text-editor.default\">\n\t\t\t\t\t\t\t\t\t<p style=\"text-align: center;\">El acceso a Prominent se realiza mediante un proceso estructurado de entendimiento, validaci\u00f3n y alineaci\u00f3n.<\/p><p>Si este modelo resuena contigo, el siguiente paso no es inmediato, pero s\u00ed claro.<\/p>\t\t\t\t\t\t\t\t<\/div>\n\t\t\t\t\t<\/div>\n\t\t\t\t<\/div>\n\t\t\t\t<div class=\"elementor-element elementor-element-7725bd4 elementor-widget-mobile__width-initial elementor-widget elementor-widget-button\" data-id=\"7725bd4\" data-element_type=\"widget\" data-e-type=\"widget\" data-widget_type=\"button.default\">\n\t\t\t\t\t\t\t\t\t\t<a class=\"elementor-button elementor-button-link elementor-size-sm\" href=\"https:\/\/prominentroots.com\/index.php\/contacto\/\">\n\t\t\t\t\t\t<span class=\"elementor-button-content-wrapper\">\n\t\t\t\t\t\t\t\t\t<span class=\"elementor-button-text\">Solicitar acceso<\/span>\n\t\t\t\t\t<\/span>\n\t\t\t\t\t<\/a>\n\t\t\t\t\t\t\t\t<\/div>\n\t\t\t\t<div class=\"elementor-element elementor-element-ee50f32 elementor-widget elementor-widget-text-editor\" data-id=\"ee50f32\" data-element_type=\"widget\" data-e-type=\"widget\" data-widget_type=\"text-editor.default\">\n\t\t\t\t\t\t\t\t\t<p style=\"text-align: center;\">El proceso inicia con una conversaci\u00f3n.<\/p>\t\t\t\t\t\t\t\t<\/div>\n\t\t\t\t\t<\/div>\n\t\t\t\t<\/div>\n\t\t\t\t<\/div>\n\t\t","protected":false},"excerpt":{"rendered":"<p>La dimensi\u00f3n \u00e9tica del capital Humanitas representa la dimensi\u00f3n \u00e9tica dentro del ecosistema Prominent. Cuando el capital est\u00e1 bien estructurado, no solo se conserva y crece.Tambi\u00e9n puede generar impacto. No desde la obligaci\u00f3n.Desde la conciencia. La prosperidad no se justifica.Se demuestra en lo que transforma. El capital bien gobernado no solo acumula.Tambi\u00e9n redistribuye con prop\u00f3sito.&hellip;&nbsp;<\/p>\n","protected":false},"author":1,"featured_media":0,"parent":0,"menu_order":0,"comment_status":"closed","ping_status":"closed","template":"page-templates\/template-pagebuilder-full-width.php","meta":{"neve_meta_sidebar":"","neve_meta_container":"","neve_meta_enable_content_width":"off","neve_meta_content_width":100,"neve_meta_title_alignment":"","neve_meta_author_avatar":"","neve_post_elements_order":"","neve_meta_disable_header":"","neve_meta_disable_footer":"","neve_meta_disable_title":"","footnotes":""},"class_list":["post-541","page","type-page","status-publish","hentry"],"_links":{"self":[{"href":"https:\/\/prominentroots.com\/index.php\/wp-json\/wp\/v2\/pages\/541","targetHints":{"allow":["GET"]}}],"collection":[{"href":"https:\/\/prominentroots.com\/index.php\/wp-json\/wp\/v2\/pages"}],"about":[{"href":"https:\/\/prominentroots.com\/index.php\/wp-json\/wp\/v2\/types\/page"}],"author":[{"embeddable":true,"href":"https:\/\/prominentroots.com\/index.php\/wp-json\/wp\/v2\/users\/1"}],"replies":[{"embeddable":true,"href":"https:\/\/prominentroots.com\/index.php\/wp-json\/wp\/v2\/comments?post=541"}],"version-history":[{"count":32,"href":"https:\/\/prominentroots.com\/index.php\/wp-json\/wp\/v2\/pages\/541\/revisions"}],"predecessor-version":[{"id":1766,"href":"https:\/\/prominentroots.com\/index.php\/wp-json\/wp\/v2\/pages\/541\/revisions\/1766"}],"wp:attachment":[{"href":"https:\/\/prominentroots.com\/index.php\/wp-json\/wp\/v2\/media?parent=541"}],"curies":[{"name":"wp","href":"https:\/\/api.w.org\/{rel}","templated":true}]}}