{"id":77,"date":"2025-10-16T16:36:35","date_gmt":"2025-10-16T16:36:35","guid":{"rendered":"https:\/\/prominentroots.com\/?page_id=77"},"modified":"2026-04-18T03:25:54","modified_gmt":"2026-04-18T03:25:54","slug":"contacto","status":"publish","type":"page","link":"https:\/\/prominentroots.com\/index.php\/contacto\/","title":{"rendered":"Solicitar Acceso"},"content":{"rendered":"\t\t<div data-elementor-type=\"wp-page\" data-elementor-id=\"77\" class=\"elementor elementor-77\">\n\t\t\t\t<div class=\"elementor-element elementor-element-cd89e8c e-flex e-con-boxed e-con e-parent\" data-id=\"cd89e8c\" data-element_type=\"container\" data-e-type=\"container\">\n\t\t\t\t\t<div class=\"e-con-inner\">\n\t\t<div class=\"elementor-element elementor-element-d5b2fa0 e-con-full e-flex e-con e-child\" data-id=\"d5b2fa0\" data-element_type=\"container\" data-e-type=\"container\">\n\t\t\t\t<div class=\"elementor-element elementor-element-b620022 elementor-widget elementor-widget-image\" data-id=\"b620022\" data-element_type=\"widget\" data-e-type=\"widget\" data-widget_type=\"image.default\">\n\t\t\t\t\t\t\t\t\t\t\t\t\t\t\t<img data-opt-id=374330684  fetchpriority=\"high\" decoding=\"async\" width=\"1024\" height=\"166\" src=\"https:\/\/mlogerfcbdv7.i.optimole.com\/w:1024\/h:166\/q:mauto\/f:best\/https:\/\/prominentroots.com\/wp-content\/uploads\/2026\/04\/ACCESO.png\" class=\"attachment-large size-large wp-image-1546\" alt=\"\" srcset=\"https:\/\/mlogerfcbdv7.i.optimole.com\/w:1024\/h:166\/q:mauto\/f:best\/https:\/\/prominentroots.com\/wp-content\/uploads\/2026\/04\/ACCESO.png 1024w, https:\/\/mlogerfcbdv7.i.optimole.com\/w:300\/h:49\/q:mauto\/f:best\/https:\/\/prominentroots.com\/wp-content\/uploads\/2026\/04\/ACCESO.png 300w, https:\/\/mlogerfcbdv7.i.optimole.com\/w:768\/h:125\/q:mauto\/f:best\/https:\/\/prominentroots.com\/wp-content\/uploads\/2026\/04\/ACCESO.png 768w, https:\/\/mlogerfcbdv7.i.optimole.com\/w:auto\/h:auto\/q:mauto\/f:best\/https:\/\/prominentroots.com\/wp-content\/uploads\/2026\/04\/ACCESO.png 1116w\" sizes=\"(max-width: 1024px) 100vw, 1024px\" \/>\t\t\t\t\t\t\t\t\t\t\t\t\t\t\t<\/div>\n\t\t\t\t\t\t\t\t<p class=\"e-4ee355d-eb2582c e-paragraph-base\" data-interaction-id=\"4ee355d\"  >\n\t\t\t\t\t\t\t\tEl acceso al ecosistema PROMINENT no es inmediato.<br><br>Se realiza mediante un proceso estructurado de entendimiento, validaci\u00f3n, cumplimiento y alineaci\u00f3n estrat\u00e9gica.<br><br>No se trata de una consulta general.<br>Se trata de determinar si existe compatibilidad real entre el perfil del solicitante y la arquitectura institucional que dise\u00f1amos.\n\t\t\t\t\t<\/p>\n\t\t\t\t<\/div>\n\t\t<div class=\"elementor-element elementor-element-caee1e2 e-flex e-con-boxed e-con e-child\" data-id=\"caee1e2\" data-element_type=\"container\" data-e-type=\"container\">\n\t\t\t\t\t<div class=\"e-con-inner\">\n\t\t\t\t<div class=\"elementor-element elementor-element-d78f31c elementor-widget elementor-widget-heading\" data-id=\"d78f31c\" data-element_type=\"widget\" data-e-type=\"widget\" data-widget_type=\"heading.default\">\n\t\t\t\t\t<h2 class=\"elementor-heading-title elementor-size-default\">Acceder no es contratar<\/h2>\t\t\t\t<\/div>\n\t\t\t\t\t\t\t\t<p class=\"e-paragraph-base\" data-interaction-id=\"bb19d9a\"  >\n\t\t\t\t\t\t\t\tEs iniciar una conversaci\u00f3n institucional.<br><br>Antes de cualquier dise\u00f1o estructural, se valida si el caso amerita una arquitectura PROMINENT, si cumple los umbrales m\u00ednimos y si puede avanzar bajo criterios de cumplimiento, viabilidad y confidencialidad.\n\t\t\t\t\t<\/p>\n\t\t\t\t\t<\/div>\n\t\t\t\t<\/div>\n\t\t\t\t\t<\/div>\n\t\t\t\t<\/div>\n\t\t<div class=\"elementor-element elementor-element-2662626 e-flex e-con-boxed e-con e-parent\" data-id=\"2662626\" data-element_type=\"container\" data-e-type=\"container\">\n\t\t\t\t\t<div class=\"e-con-inner\">\n\t\t<div class=\"elementor-element elementor-element-ebf196a e-con-full e-flex e-con e-child\" data-id=\"ebf196a\" data-element_type=\"container\" data-e-type=\"container\" data-settings=\"{&quot;background_background&quot;:&quot;classic&quot;}\">\n\t\t\t\t<div class=\"elementor-element elementor-element-21f770a elementor-widget elementor-widget-heading\" data-id=\"21f770a\" data-element_type=\"widget\" data-e-type=\"widget\" data-widget_type=\"heading.default\">\n\t\t\t\t\t<h3 class=\"elementor-heading-title elementor-size-default\">NDP\/OS<\/h3>\t\t\t\t<\/div>\n\t\t\t\t\t\t\t\t<p class=\"e-paragraph-base\" data-interaction-id=\"cfdfd06\"  >\n\t\t\t\t\t\t\t\tDise\u00f1ado para patrimonios superiores a USD 10 millones.<br><br>Aplica a familias, holdings o estructuras que requieren gobierno patrimonial, arquitectura internacional y transferencia tecnol\u00f3gica del sistema.\n\t\t\t\t\t<\/p>\n\t\t\t\t<\/div>\n\t\t<div class=\"elementor-element elementor-element-5b9931a e-con-full e-flex e-con e-child\" data-id=\"5b9931a\" data-element_type=\"container\" data-e-type=\"container\" data-settings=\"{&quot;background_background&quot;:&quot;classic&quot;}\">\n\t\t\t\t<div class=\"elementor-element elementor-element-dcd0294 elementor-widget elementor-widget-heading\" data-id=\"dcd0294\" data-element_type=\"widget\" data-e-type=\"widget\" data-widget_type=\"heading.default\">\n\t\t\t\t\t<h3 class=\"elementor-heading-title elementor-size-default\">Capitalizaci\u00f3n v\u00eda SBLC<\/h3>\t\t\t\t<\/div>\n\t\t\t\t\t\t\t\t<p class=\"e-paragraph-base\" data-interaction-id=\"452e986\"  >\n\t\t\t\t\t\t\t\tDisponible para perfiles con capacidad m\u00ednima desde USD 1 mill\u00f3n. Proyectos mayores a USD 10 millones.<br><br>Sujeto a validaci\u00f3n de PoF, contrapartes, estructura del proyecto y protocolos fiduciarios.\n\t\t\t\t\t<\/p>\n\t\t\t\t<\/div>\n\t\t<div class=\"elementor-element elementor-element-ac44935 e-con-full e-flex e-con e-child\" data-id=\"ac44935\" data-element_type=\"container\" data-e-type=\"container\" data-settings=\"{&quot;background_background&quot;:&quot;classic&quot;}\">\n\t\t\t\t<div class=\"elementor-element elementor-element-a59b76b elementor-widget elementor-widget-heading\" data-id=\"a59b76b\" data-element_type=\"widget\" data-e-type=\"widget\" data-widget_type=\"heading.default\">\n\t\t\t\t\t<h3 class=\"elementor-heading-title elementor-size-default\">Infraestructura Offshore<\/h3>\t\t\t\t<\/div>\n\t\t\t\t\t\t\t\t<p class=\"e-paragraph-base\" data-interaction-id=\"2ac6182\"  >\n\t\t\t\t\t\t\t\tPensada para estructuras patrimoniales a partir de USD 5 millones.<br><br>Aplica a casos donde exista necesidad real de operar capital en entornos internacionales con l\u00f3gica institucional.\n\t\t\t\t\t<\/p>\n\t\t\t\t<\/div>\n\t\t\t\t\t<\/div>\n\t\t\t\t<\/div>\n\t\t<div class=\"elementor-element elementor-element-4db34a1 e-flex e-con-boxed e-con e-parent\" data-id=\"4db34a1\" data-element_type=\"container\" data-e-type=\"container\">\n\t\t\t\t\t<div class=\"e-con-inner\">\n\t\t\t\t<div class=\"elementor-element elementor-element-0fd0941 elementor-widget elementor-widget-heading\" data-id=\"0fd0941\" data-element_type=\"widget\" data-e-type=\"widget\" data-widget_type=\"heading.default\">\n\t\t\t\t\t<h2 class=\"elementor-heading-title elementor-size-default\">Proceso de admisi\u00f3n<\/h2>\t\t\t\t<\/div>\n\t\t\t\t\t\t\t\t<p class=\"e-paragraph-base\" data-interaction-id=\"44bded2\"  >\n\t\t\t\t\t\t\t\tTodo acceso inicia con una revisi\u00f3n preliminar y avanza \u00fanicamente si existe compatibilidad real.\n\t\t\t\t\t<\/p>\n\t\t\t\t<div class=\"elementor-element elementor-element-327ac09 elementor-widget__width-inherit elementor-widget elementor-widget-image\" data-id=\"327ac09\" data-element_type=\"widget\" data-e-type=\"widget\" data-widget_type=\"image.default\">\n\t\t\t\t\t\t\t\t\t\t\t\t\t\t\t<img data-opt-id=382670100  fetchpriority=\"high\" decoding=\"async\" width=\"744\" height=\"407\" src=\"https:\/\/mlogerfcbdv7.i.optimole.com\/w:auto\/h:auto\/q:mauto\/f:best\/https:\/\/prominentroots.com\/wp-content\/uploads\/2026\/04\/PRO-ACCESO2.png\" class=\"attachment-2048x2048 size-2048x2048 wp-image-1647\" alt=\"\" srcset=\"https:\/\/mlogerfcbdv7.i.optimole.com\/w:auto\/h:auto\/q:mauto\/f:best\/https:\/\/prominentroots.com\/wp-content\/uploads\/2026\/04\/PRO-ACCESO2.png 744w, https:\/\/mlogerfcbdv7.i.optimole.com\/w:300\/h:164\/q:mauto\/f:best\/https:\/\/prominentroots.com\/wp-content\/uploads\/2026\/04\/PRO-ACCESO2.png 300w\" sizes=\"(max-width: 744px) 100vw, 744px\" \/>\t\t\t\t\t\t\t\t\t\t\t\t\t\t\t<\/div>\n\t\t\t\t<div class=\"elementor-element elementor-element-b09ed60 elementor-align-center elementor-widget elementor-widget-button\" data-id=\"b09ed60\" data-element_type=\"widget\" data-e-type=\"widget\" data-widget_type=\"button.default\">\n\t\t\t\t\t\t\t\t\t\t<a class=\"elementor-button elementor-button-link elementor-size-sm\" href=\"https:\/\/www.dropbox.com\/scl\/fi\/nm1yrdfwz1xiqjjsvdrzy\/EVALUACION-Y-ACOMPA-AMIENTO-PROSPECTOS.pdf?rlkey=zh1e9pia1m1c15whp5l46f7k5&#038;dl=0\">\n\t\t\t\t\t\t<span class=\"elementor-button-content-wrapper\">\n\t\t\t\t\t\t\t\t\t<span class=\"elementor-button-text\">Revise el proceso completo<\/span>\n\t\t\t\t\t<\/span>\n\t\t\t\t\t<\/a>\n\t\t\t\t\t\t\t\t<\/div>\n\t\t\t\t\t<\/div>\n\t\t\t\t<\/div>\n\t\t<div class=\"elementor-element elementor-element-8eef8bd e-flex e-con-boxed e-con e-parent\" data-id=\"8eef8bd\" data-element_type=\"container\" data-e-type=\"container\">\n\t\t\t\t\t<div class=\"e-con-inner\">\n\t\t\t\t<div class=\"elementor-element elementor-element-9ae8ca3 elementor-widget elementor-widget-heading\" data-id=\"9ae8ca3\" data-element_type=\"widget\" data-e-type=\"widget\" data-widget_type=\"heading.default\">\n\t\t\t\t\t<h2 class=\"elementor-heading-title elementor-size-default\">Criterios de evaluaci\u00f3n<\/h2>\t\t\t\t<\/div>\n\t\t\t\t\t\t\t\t<p class=\"e-f3a3baa-f4404a7 e-paragraph-base\" data-interaction-id=\"f3a3baa\"  >\n\t\t\t\t\t\t\t\tCada caso se eval\u00faa bajo una combinaci\u00f3n de factores:<br><br>\u2022 Capacidad patrimonial o financiera m\u00ednima.&nbsp;&nbsp;<br>\u2022 Origen l\u00edcito y demostrable de fondos.<br>\u2022 Claridad del objetivo patrimonial o corporativo.<br>\u2022 Viabilidad estructural del caso.<br>\u2022 Nivel de sofisticaci\u00f3n requerido.<br>\u2022 Disposici\u00f3n a operar bajo cumplimiento y disciplina institucional.\n\t\t\t\t\t<\/p>\n\t\t\t\t\t<\/div>\n\t\t\t\t<\/div>\n\t\t<div class=\"elementor-element elementor-element-470d04d e-flex e-con-boxed e-con e-parent\" data-id=\"470d04d\" data-element_type=\"container\" data-e-type=\"container\">\n\t\t\t\t\t<div class=\"e-con-inner\">\n\t\t\t\t<div class=\"elementor-element elementor-element-7974fb2 elementor-widget elementor-widget-heading\" data-id=\"7974fb2\" data-element_type=\"widget\" data-e-type=\"widget\" data-widget_type=\"heading.default\">\n\t\t\t\t\t<h2 class=\"elementor-heading-title elementor-size-default\">Qu\u00e9 no hacemos<\/h2>\t\t\t\t<\/div>\n\t\t\t\t\t\t\t\t<p class=\"e-7741fa1-d0cf13f e-paragraph-base\" data-interaction-id=\"7741fa1\"  >\n\t\t\t\t\t\t\t\tPROMINENT no atiende solicitudes gen\u00e9ricas, urgencias improvisadas ni estructuras opacas.<br>No operamos esquemas sin trazabilidad.<br>No procesamos capital sin debida diligencia.<br>No avanzamos con casos que no cumplan est\u00e1ndares de cumplimiento, claridad y alineaci\u00f3n estrat\u00e9gica.\n\t\t\t\t\t<\/p>\n\t\t\t\t\t<\/div>\n\t\t\t\t<\/div>\n\t\t<div class=\"elementor-element elementor-element-3a5c2dd e-flex e-con-boxed e-con e-parent\" data-id=\"3a5c2dd\" data-element_type=\"container\" data-e-type=\"container\">\n\t\t\t\t\t<div class=\"e-con-inner\">\n\t\t\t\t<div class=\"elementor-element elementor-element-80ce13d elementor-widget elementor-widget-heading\" data-id=\"80ce13d\" data-element_type=\"widget\" data-e-type=\"widget\" data-widget_type=\"heading.default\">\n\t\t\t\t\t<h3 class=\"elementor-heading-title elementor-size-default\">Confidencialidad y cumplimiento<\/h3>\t\t\t\t<\/div>\n\t\t\t\t\t\t\t\t<p class=\"e-paragraph-base\" data-interaction-id=\"6be55c3\"  >\n\t\t\t\t\t\t\t\tToda la informaci\u00f3n compartida durante el proceso inicial es tratada bajo criterios de confidencialidad, revisi\u00f3n limitada y validaci\u00f3n institucional. <br>Puede descargar abajo nuestro contrato de confidencialidad, llenarlo y hacerlo llegar a&nbsp;<a target=\"_self\" href=\"mailto:servicioalcliente@prominentroots.com\" id=\"e-mo3ry1p3-5z91058\"><strong id=\"e-mo3ry1p4-o5kvkxa\"><em id=\"e-mo3ry1p4-doixban\">servicioalcliente@prominentroots.com<\/em><\/strong><\/a> donde lo revisaremos, validaremos y le haremos llegar su ejemplar firmado electr\u00f3nicamente, para recabar su firma e iniciar nuestra conversaci\u00f3n formlamente.<br><br>El env\u00edo de una solicitud no implica aceptaci\u00f3n autom\u00e1tica, oferta p\u00fablica ni compromiso de implementaci\u00f3n.<br><br>Toda interacci\u00f3n queda sujeta a revisi\u00f3n documental, protocolos KYC\/AML, validaci\u00f3n de origen de fondos y aceptaci\u00f3n interna.\n\t\t\t\t\t<\/p>\n\t\t\t\t<div class=\"elementor-element elementor-element-d7c69f2 elementor-align-center elementor-widget elementor-widget-button\" data-id=\"d7c69f2\" data-element_type=\"widget\" data-e-type=\"widget\" data-widget_type=\"button.default\">\n\t\t\t\t\t\t\t\t\t\t<a class=\"elementor-button elementor-button-link elementor-size-sm\" href=\"https:\/\/www.dropbox.com\/scl\/fi\/i1k4y80elf5cnk7o2h7lh\/NDA-PR-2026.docx?rlkey=6etf4591mrzbj941qgxv8s4u4&#038;st=u2vtmjf3&#038;dl=0\">\n\t\t\t\t\t\t<span class=\"elementor-button-content-wrapper\">\n\t\t\t\t\t\t\t\t\t<span class=\"elementor-button-text\">Descague y llene nuestro NDA<\/span>\n\t\t\t\t\t<\/span>\n\t\t\t\t\t<\/a>\n\t\t\t\t\t\t\t\t<\/div>\n\t\t\t\t\t<\/div>\n\t\t\t\t<\/div>\n\t\t<div class=\"elementor-element elementor-element-a08985c e-flex e-con-boxed e-con e-parent\" data-id=\"a08985c\" data-element_type=\"container\" data-e-type=\"container\">\n\t\t\t\t\t<div class=\"e-con-inner\">\n\t\t\t\t<div class=\"elementor-element elementor-element-cafdfd4 elementor-widget elementor-widget-image\" data-id=\"cafdfd4\" data-element_type=\"widget\" data-e-type=\"widget\" data-widget_type=\"image.default\">\n\t\t\t\t\t\t\t\t\t\t\t\t\t\t\t<img data-opt-id=2045016979  data-opt-src=\"https:\/\/mlogerfcbdv7.i.optimole.com\/w:auto\/h:auto\/q:mauto\/f:best\/https:\/\/prominentroots.com\/wp-content\/uploads\/2026\/04\/qr.png\"  decoding=\"async\" width=\"280\" height=\"280\" src=\"data:image/svg+xml,%3Csvg%20viewBox%3D%220%200%20100%%20100%%22%20width%3D%22100%%22%20height%3D%22100%%22%20xmlns%3D%22http%3A%2F%2Fwww.w3.org%2F2000%2Fsvg%22%3E%3Crect%20width%3D%22100%%22%20height%3D%22100%%22%20fill%3D%22transparent%22%2F%3E%3C%2Fsvg%3E\" class=\"attachment-large size-large wp-image-1575\" alt=\"\" old-srcset=\"https:\/\/mlogerfcbdv7.i.optimole.com\/w:auto\/h:auto\/q:mauto\/f:best\/https:\/\/prominentroots.com\/wp-content\/uploads\/2026\/04\/qr.png 280w, https:\/\/mlogerfcbdv7.i.optimole.com\/w:150\/h:150\/q:mauto\/rt:fill\/g:ce\/f:best\/https:\/\/prominentroots.com\/wp-content\/uploads\/2026\/04\/qr.png 150w\" \/>\t\t\t\t\t\t\t\t\t\t\t\t\t\t\t<\/div>\n\t\t\t\t\t\t\t\t<p class=\"e-879729f-6b0f447 e-paragraph-base\" data-interaction-id=\"879729f\"  >\n\t\t\t\t\t\t\t\tEscanea el c\u00f3digo QR\n\t\t\t\t\t<\/p>\n\t\t\t\t<div class=\"elementor-element elementor-element-22f9cac elementor-align-center elementor-widget elementor-widget-button\" data-id=\"22f9cac\" data-element_type=\"widget\" data-e-type=\"widget\" data-widget_type=\"button.default\">\n\t\t\t\t\t\t\t\t\t\t<a class=\"elementor-button elementor-button-link elementor-size-sm\" href=\"https:\/\/wa.me\/+522288177269\">\n\t\t\t\t\t\t<span class=\"elementor-button-content-wrapper\">\n\t\t\t\t\t\t\t\t\t<span class=\"elementor-button-text\">Enviar Mensaje<\/span>\n\t\t\t\t\t<\/span>\n\t\t\t\t\t<\/a>\n\t\t\t\t\t\t\t\t<\/div>\n\t\t\t\t<div class=\"elementor-element elementor-element-b29ed52 elementor-widget elementor-widget-image\" data-id=\"b29ed52\" data-element_type=\"widget\" data-e-type=\"widget\" data-widget_type=\"image.default\">\n\t\t\t\t\t\t\t\t\t\t\t\t\t\t\t<img data-opt-id=1212016979  data-opt-src=\"https:\/\/mlogerfcbdv7.i.optimole.com\/w:auto\/h:auto\/q:mauto\/f:best\/https:\/\/prominentroots.com\/wp-content\/uploads\/2026\/03\/LPLAZAHK.jpg\"  loading=\"lazy\" decoding=\"async\" width=\"200\" height=\"252\" src=\"data:image/svg+xml,%3Csvg%20viewBox%3D%220%200%20100%%20100%%22%20width%3D%22100%%22%20height%3D%22100%%22%20xmlns%3D%22http%3A%2F%2Fwww.w3.org%2F2000%2Fsvg%22%3E%3Crect%20width%3D%22100%%22%20height%3D%22100%%22%20fill%3D%22transparent%22%2F%3E%3C%2Fsvg%3E\" class=\"attachment-large size-large wp-image-598\" alt=\"\" \/>\t\t\t\t\t\t\t\t\t\t\t\t\t\t\t<\/div>\n\t\t\t\t\t\t\t\t<p class=\"e-d2ba1dd-f122057 e-paragraph-base\" data-interaction-id=\"d2ba1dd\"  >\n\t\t\t\t\t\t\t\tUnit 1603, 16th Floor, The L. Plaza, 367 - 375 Queen's Road Central,Sheung Wan, Hong Kong\n\t\t\t\t\t<\/p>\n\t\t\t\t\t<\/div>\n\t\t\t\t<\/div>\n\t\t\t\t<div class=\"elementor-element elementor-element-ca25b94 e-con e-atomic-element e-flexbox-base\" data-id=\"ca25b94\" data-element_type=\"e-flexbox\" data-e-type=\"e-flexbox\" data-interaction-id=\"ca25b94\">\n\t\t\t\t<\/div>\n\t\t\t\t<\/div>\n\t\t","protected":false},"excerpt":{"rendered":"<p>El acceso al ecosistema PROMINENT no es inmediato. Se realiza mediante un proceso estructurado de entendimiento, validaci\u00f3n, cumplimiento y alineaci\u00f3n estrat\u00e9gica. No se trata de una consulta general.Se trata de determinar si existe compatibilidad real entre el perfil del solicitante y la arquitectura institucional que dise\u00f1amos. Acceder no es contratar Es iniciar una conversaci\u00f3n institucional.&hellip;&nbsp;<\/p>\n","protected":false},"author":1,"featured_media":0,"parent":0,"menu_order":0,"comment_status":"closed","ping_status":"closed","template":"page-templates\/template-pagebuilder-full-width.php","meta":{"neve_meta_sidebar":"","neve_meta_container":"","neve_meta_enable_content_width":"off","neve_meta_content_width":100,"neve_meta_title_alignment":"","neve_meta_author_avatar":"","neve_post_elements_order":"","neve_meta_disable_header":"","neve_meta_disable_footer":"","neve_meta_disable_title":"","footnotes":""},"class_list":["post-77","page","type-page","status-publish","hentry"],"_links":{"self":[{"href":"https:\/\/prominentroots.com\/index.php\/wp-json\/wp\/v2\/pages\/77","targetHints":{"allow":["GET"]}}],"collection":[{"href":"https:\/\/prominentroots.com\/index.php\/wp-json\/wp\/v2\/pages"}],"about":[{"href":"https:\/\/prominentroots.com\/index.php\/wp-json\/wp\/v2\/types\/page"}],"author":[{"embeddable":true,"href":"https:\/\/prominentroots.com\/index.php\/wp-json\/wp\/v2\/users\/1"}],"replies":[{"embeddable":true,"href":"https:\/\/prominentroots.com\/index.php\/wp-json\/wp\/v2\/comments?post=77"}],"version-history":[{"count":77,"href":"https:\/\/prominentroots.com\/index.php\/wp-json\/wp\/v2\/pages\/77\/revisions"}],"predecessor-version":[{"id":1790,"href":"https:\/\/prominentroots.com\/index.php\/wp-json\/wp\/v2\/pages\/77\/revisions\/1790"}],"wp:attachment":[{"href":"https:\/\/prominentroots.com\/index.php\/wp-json\/wp\/v2\/media?parent=77"}],"curies":[{"name":"wp","href":"https:\/\/api.w.org\/{rel}","templated":true}]}}